{"id":5754,"date":"2025-09-01T14:26:19","date_gmt":"2025-09-01T12:26:19","guid":{"rendered":"https:\/\/saintsuliac.com\/?page_id=5754"},"modified":"2025-09-02T11:28:43","modified_gmt":"2025-09-02T09:28:43","slug":"miel-de-saint-suliac","status":"publish","type":"page","link":"https:\/\/saintsuliac.com\/index.php\/miel-de-saint-suliac\/","title":{"rendered":"Miel de Saint-Suliac"},"content":{"rendered":"\t\t<div data-elementor-type=\"wp-page\" data-elementor-id=\"5754\" class=\"elementor elementor-5754\" data-elementor-post-type=\"page\">\n\t\t\t\t<div class=\"elementor-element elementor-element-ee8b2ec e-flex e-con-boxed e-con e-parent\" data-id=\"ee8b2ec\" data-element_type=\"container\" data-e-type=\"container\">\n\t\t\t\t\t<div class=\"e-con-inner\">\n\t\t\t\t<div class=\"elementor-element elementor-element-fe4e0f4 elementor-widget elementor-widget-heading\" data-id=\"fe4e0f4\" data-element_type=\"widget\" data-e-type=\"widget\" data-widget_type=\"heading.default\">\n\t\t\t\t<div class=\"elementor-widget-container\">\n\t\t\t\t\t<h2 class=\"elementor-heading-title elementor-size-default\">MIEL DE SAINT-SULIAC<\/h2>\t\t\t\t<\/div>\n\t\t\t\t<\/div>\n\t\t\t\t\t<\/div>\n\t\t\t\t<\/div>\n\t\t<div class=\"elementor-element elementor-element-a78ac9d e-con-full e-flex e-con e-parent\" data-id=\"a78ac9d\" data-element_type=\"container\" data-e-type=\"container\">\n\t\t\t\t<div class=\"elementor-element elementor-element-1ad935f elementor-widget elementor-widget-image\" data-id=\"1ad935f\" data-element_type=\"widget\" data-e-type=\"widget\" data-widget_type=\"image.default\">\n\t\t\t\t<div class=\"elementor-widget-container\">\n\t\t\t\t\t\t\t\t\t\t\t\t\t\t\t<img fetchpriority=\"high\" decoding=\"async\" width=\"768\" height=\"1024\" src=\"https:\/\/saintsuliac.com\/wp-content\/uploads\/2025\/09\/pot-miel-saint-suliac-1-768x1024.jpg\" class=\"attachment-large size-large wp-image-5766\" alt=\"pot de miel de saint-suliac\" srcset=\"https:\/\/saintsuliac.com\/wp-content\/uploads\/2025\/09\/pot-miel-saint-suliac-1-768x1024.jpg 768w, https:\/\/saintsuliac.com\/wp-content\/uploads\/2025\/09\/pot-miel-saint-suliac-1-225x300.jpg 225w, https:\/\/saintsuliac.com\/wp-content\/uploads\/2025\/09\/pot-miel-saint-suliac-1-1152x1536.jpg 1152w, https:\/\/saintsuliac.com\/wp-content\/uploads\/2025\/09\/pot-miel-saint-suliac-1.jpg 1200w\" sizes=\"(max-width: 768px) 100vw, 768px\" \/>\t\t\t\t\t\t\t\t\t\t\t\t\t\t\t<\/div>\n\t\t\t\t<\/div>\n\t\t\t\t<\/div>\n\t\t<div class=\"elementor-element elementor-element-08de022 e-flex e-con-boxed e-con e-parent\" data-id=\"08de022\" data-element_type=\"container\" data-e-type=\"container\">\n\t\t\t\t\t<div class=\"e-con-inner\">\n\t\t\t\t<div class=\"elementor-element elementor-element-cfaec45 elementor-widget elementor-widget-text-editor\" data-id=\"cfaec45\" data-element_type=\"widget\" data-e-type=\"widget\" data-widget_type=\"text-editor.default\">\n\t\t\t\t<div class=\"elementor-widget-container\">\n\t\t\t\t\t\t\t\t\t<p>Tout au long de l&rsquo;ann\u00e9e, Emilie et Philippe r\u00e9coltent du miel directement \u00e0 Saint-Suliac et ses alentours.\u00a0 Permettant de poliniser les fleurs et certaines plantes, les abeilles sont essentielles \u00e0 la bio-diversit\u00e9.\u00a0<\/p>\t\t\t\t\t\t\t\t<\/div>\n\t\t\t\t<\/div>\n\t\t\t\t\t<\/div>\n\t\t\t\t<\/div>\n\t\t<div class=\"elementor-element elementor-element-b71789a e-flex e-con-boxed e-con e-parent\" data-id=\"b71789a\" data-element_type=\"container\" data-e-type=\"container\">\n\t\t\t\t\t<div class=\"e-con-inner\">\n\t\t\t\t<div class=\"elementor-element elementor-element-d6f48d6 elementor-widget elementor-widget-image\" data-id=\"d6f48d6\" data-element_type=\"widget\" data-e-type=\"widget\" data-widget_type=\"image.default\">\n\t\t\t\t<div class=\"elementor-widget-container\">\n\t\t\t\t\t\t\t\t\t\t\t\t\t\t\t<img decoding=\"async\" width=\"800\" height=\"600\" src=\"https:\/\/saintsuliac.com\/wp-content\/uploads\/2025\/09\/abeille-saint-suliac-1024x768.jpg\" class=\"attachment-large size-large wp-image-5764\" alt=\"abeille \u00e0 saint-suliac\" srcset=\"https:\/\/saintsuliac.com\/wp-content\/uploads\/2025\/09\/abeille-saint-suliac-1024x768.jpg 1024w, https:\/\/saintsuliac.com\/wp-content\/uploads\/2025\/09\/abeille-saint-suliac-300x225.jpg 300w, https:\/\/saintsuliac.com\/wp-content\/uploads\/2025\/09\/abeille-saint-suliac-768x576.jpg 768w, https:\/\/saintsuliac.com\/wp-content\/uploads\/2025\/09\/abeille-saint-suliac-1536x1152.jpg 1536w, https:\/\/saintsuliac.com\/wp-content\/uploads\/2025\/09\/abeille-saint-suliac-2048x1536.jpg 2048w\" sizes=\"(max-width: 800px) 100vw, 800px\" \/>\t\t\t\t\t\t\t\t\t\t\t\t\t\t\t<\/div>\n\t\t\t\t<\/div>\n\t\t\t\t\t<\/div>\n\t\t\t\t<\/div>\n\t\t<div class=\"elementor-element elementor-element-568db7c e-flex e-con-boxed e-con e-parent\" data-id=\"568db7c\" data-element_type=\"container\" data-e-type=\"container\">\n\t\t\t\t\t<div class=\"e-con-inner\">\n\t\t\t\t<div class=\"elementor-element elementor-element-f8242c7 elementor-widget elementor-widget-text-editor\" data-id=\"f8242c7\" data-element_type=\"widget\" data-e-type=\"widget\" data-widget_type=\"text-editor.default\">\n\t\t\t\t<div class=\"elementor-widget-container\">\n\t\t\t\t\t\t\t\t\t<p>Faisant partie depuis 1999 des Plus beaux villages de France, Saint-Suliac est un village tr\u00e8s fleuri. Au dela des vergerettes et autres fleurs parsemant les rues sulia\u00e7aises, le Champs Libre et son atelier floral produisent des fleurs aux abords du village. Les ruches et d&rsquo;Emilie et Philippe permettent ainsi une polinisation de ces milliers de fleurs, et une production de miel ultra locale.\u00a0<\/p>\t\t\t\t\t\t\t\t<\/div>\n\t\t\t\t<\/div>\n\t\t\t\t\t<\/div>\n\t\t\t\t<\/div>\n\t\t<div class=\"elementor-element elementor-element-3cac29e e-flex e-con-boxed e-con e-parent\" data-id=\"3cac29e\" data-element_type=\"container\" data-e-type=\"container\">\n\t\t\t\t\t<div class=\"e-con-inner\">\n\t\t\t\t<div class=\"elementor-element elementor-element-4aa7ad1 elementor-widget elementor-widget-image\" data-id=\"4aa7ad1\" data-element_type=\"widget\" data-e-type=\"widget\" data-widget_type=\"image.default\">\n\t\t\t\t<div class=\"elementor-widget-container\">\n\t\t\t\t\t\t\t\t\t\t\t\t<figure class=\"wp-caption\">\n\t\t\t\t\t\t\t\t\t\t<img decoding=\"async\" width=\"800\" height=\"600\" src=\"https:\/\/saintsuliac.com\/wp-content\/uploads\/2025\/09\/ruches-saint-suliac-1024x768.jpg\" class=\"attachment-large size-large wp-image-5775\" alt=\"ruches dans le centre de saint-suliac\" srcset=\"https:\/\/saintsuliac.com\/wp-content\/uploads\/2025\/09\/ruches-saint-suliac-1024x768.jpg 1024w, https:\/\/saintsuliac.com\/wp-content\/uploads\/2025\/09\/ruches-saint-suliac-300x225.jpg 300w, https:\/\/saintsuliac.com\/wp-content\/uploads\/2025\/09\/ruches-saint-suliac-768x576.jpg 768w, https:\/\/saintsuliac.com\/wp-content\/uploads\/2025\/09\/ruches-saint-suliac-1536x1152.jpg 1536w, https:\/\/saintsuliac.com\/wp-content\/uploads\/2025\/09\/ruches-saint-suliac-2048x1536.jpg 2048w\" sizes=\"(max-width: 800px) 100vw, 800px\" \/>\t\t\t\t\t\t\t\t\t\t\t<figcaption class=\"widget-image-caption wp-caption-text\">Quelques ruches parmis tant d'autres <\/figcaption>\n\t\t\t\t\t\t\t\t\t\t<\/figure>\n\t\t\t\t\t\t\t\t\t<\/div>\n\t\t\t\t<\/div>\n\t\t\t\t\t<\/div>\n\t\t\t\t<\/div>\n\t\t<div class=\"elementor-element elementor-element-4731922 e-flex e-con-boxed e-con e-parent\" data-id=\"4731922\" data-element_type=\"container\" data-e-type=\"container\">\n\t\t\t\t\t<div class=\"e-con-inner\">\n\t\t\t\t<div class=\"elementor-element elementor-element-7eef8c8 elementor-widget elementor-widget-heading\" data-id=\"7eef8c8\" data-element_type=\"widget\" data-e-type=\"widget\" data-widget_type=\"heading.default\">\n\t\t\t\t<div class=\"elementor-widget-container\">\n\t\t\t\t\t<h2 class=\"elementor-heading-title elementor-size-default\">O\u00f9 se procurer le Miel de Saint-Suliac ? <\/h2>\t\t\t\t<\/div>\n\t\t\t\t<\/div>\n\t\t\t\t<div class=\"elementor-element elementor-element-199274d elementor-widget elementor-widget-text-editor\" data-id=\"199274d\" data-element_type=\"widget\" data-e-type=\"widget\" data-widget_type=\"text-editor.default\">\n\t\t\t\t<div class=\"elementor-widget-container\">\n\t\t\t\t\t\t\t\t\t<p>Lors du prochain march\u00e9 de No\u00ebl, qui aura lieu les deux premiers week-ends de D\u00e9cembre. Cet \u00e9t\u00e9 une premi\u00e8re vente a eu lieu lors de la Foire \u00e0 Tout, sur les quais de Rance.\u00a0<\/p>\t\t\t\t\t\t\t\t<\/div>\n\t\t\t\t<\/div>\n\t\t\t\t\t<\/div>\n\t\t\t\t<\/div>\n\t\t<div class=\"elementor-element elementor-element-a80dcc2 e-flex e-con-boxed e-con e-parent\" data-id=\"a80dcc2\" data-element_type=\"container\" data-e-type=\"container\">\n\t\t\t\t\t<div class=\"e-con-inner\">\n\t\t\t\t<div class=\"elementor-element elementor-element-ec9fdc0 elementor-widget elementor-widget-spacer\" data-id=\"ec9fdc0\" data-element_type=\"widget\" data-e-type=\"widget\" data-widget_type=\"spacer.default\">\n\t\t\t\t<div class=\"elementor-widget-container\">\n\t\t\t\t\t\t\t<div class=\"elementor-spacer\">\n\t\t\t<div class=\"elementor-spacer-inner\"><\/div>\n\t\t<\/div>\n\t\t\t\t\t\t<\/div>\n\t\t\t\t<\/div>\n\t\t\t\t\t<\/div>\n\t\t\t\t<\/div>\n\t\t<div class=\"elementor-element elementor-element-89ec28c e-flex e-con-boxed e-con e-parent\" data-id=\"89ec28c\" data-element_type=\"container\" data-e-type=\"container\">\n\t\t\t\t\t<div class=\"e-con-inner\">\n\t\t\t\t<div class=\"elementor-element elementor-element-e7fcf8f elementor--h-position-center elementor--v-position-middle elementor-arrows-position-inside elementor-pagination-position-inside elementor-widget elementor-widget-slides\" data-id=\"e7fcf8f\" data-element_type=\"widget\" data-e-type=\"widget\" data-settings=\"{&quot;navigation&quot;:&quot;both&quot;,&quot;autoplay&quot;:&quot;yes&quot;,&quot;pause_on_hover&quot;:&quot;yes&quot;,&quot;pause_on_interaction&quot;:&quot;yes&quot;,&quot;autoplay_speed&quot;:5000,&quot;infinite&quot;:&quot;yes&quot;,&quot;transition&quot;:&quot;slide&quot;,&quot;transition_speed&quot;:500}\" data-widget_type=\"slides.default\">\n\t\t\t\t<div class=\"elementor-widget-container\">\n\t\t\t\t\t\t\t\t\t<div class=\"elementor-swiper\">\n\t\t\t\t\t<div class=\"elementor-slides-wrapper elementor-main-swiper swiper\" role=\"region\" aria-roledescription=\"carousel\" aria-label=\"Diapositives\" dir=\"ltr\" data-animation=\"fadeInUp\">\n\t\t\t\t<div class=\"swiper-wrapper elementor-slides\">\n\t\t\t\t\t\t\t\t\t\t<div class=\"elementor-repeater-item-8b50a92 swiper-slide\" role=\"group\" aria-roledescription=\"slide\"><div class=\"swiper-slide-bg\" role=\"img\" aria-label=\"coucher de soleil sur la cale de saint-suliac \u00e0 mar\u00e9e basse\"><\/div><div class=\"swiper-slide-inner\" ><div class=\"swiper-slide-contents\"><div  class=\"elementor-button elementor-slide-button elementor-size-sm\">ACCUEIL<\/div><\/div><\/div><\/div>\t\t\t\t<\/div>\n\t\t\t\t\t\t\t<\/div>\n\t\t\t\t<\/div>\n\t\t\t\t\t\t\t\t<\/div>\n\t\t\t\t<\/div>\n\t\t\t\t\t<\/div>\n\t\t\t\t<\/div>\n\t\t\t\t<\/div>\n\t\t","protected":false},"excerpt":{"rendered":"<p>MIEL DE SAINT-SULIAC Tout au long de l&rsquo;ann\u00e9e, Emilie et Philippe r\u00e9coltent du miel directement \u00e0 Saint-Suliac et ses alentours.\u00a0 Permettant de poliniser les fleurs et certaines plantes, les abeilles sont essentielles \u00e0 la bio-diversit\u00e9.\u00a0 Faisant partie depuis 1999 des Plus beaux villages de France, Saint-Suliac est un village tr\u00e8s fleuri. Au dela des vergerettes [&hellip;]<\/p>\n","protected":false},"author":1,"featured_media":0,"parent":0,"menu_order":0,"comment_status":"closed","ping_status":"closed","template":"elementor_header_footer","meta":{"footnotes":""},"class_list":["post-5754","page","type-page","status-publish","hentry"],"yoast_head":"<!-- This site is optimized with the Yoast SEO plugin v27.4 - https:\/\/yoast.com\/product\/yoast-seo-wordpress\/ -->\n<title>Miel de Saint-Suliac - Saint-Suliac<\/title>\n<meta name=\"robots\" content=\"index, follow, max-snippet:-1, max-image-preview:large, max-video-preview:-1\" \/>\n<link rel=\"canonical\" href=\"https:\/\/saintsuliac.com\/index.php\/miel-de-saint-suliac\/\" \/>\n<meta property=\"og:locale\" content=\"fr_FR\" \/>\n<meta property=\"og:type\" content=\"article\" \/>\n<meta property=\"og:title\" content=\"Miel de Saint-Suliac - Saint-Suliac\" \/>\n<meta property=\"og:description\" content=\"MIEL DE SAINT-SULIAC Tout au long de l&rsquo;ann\u00e9e, Emilie et Philippe r\u00e9coltent du miel directement \u00e0 Saint-Suliac et ses alentours.\u00a0 Permettant de poliniser les fleurs et certaines plantes, les abeilles sont essentielles \u00e0 la bio-diversit\u00e9.\u00a0 Faisant partie depuis 1999 des Plus beaux villages de France, Saint-Suliac est un village tr\u00e8s fleuri. Au dela des vergerettes [&hellip;]\" \/>\n<meta property=\"og:url\" content=\"https:\/\/saintsuliac.com\/index.php\/miel-de-saint-suliac\/\" \/>\n<meta property=\"og:site_name\" content=\"Saint-Suliac\" \/>\n<meta property=\"article:modified_time\" content=\"2025-09-02T09:28:43+00:00\" \/>\n<meta property=\"og:image\" content=\"https:\/\/saintsuliac.com\/wp-content\/uploads\/2025\/09\/pot-miel-saint-suliac-1.jpg\" \/>\n\t<meta property=\"og:image:width\" content=\"1200\" \/>\n\t<meta property=\"og:image:height\" content=\"1600\" \/>\n\t<meta property=\"og:image:type\" content=\"image\/jpeg\" \/>\n<meta name=\"twitter:card\" content=\"summary_large_image\" \/>\n<meta name=\"twitter:label1\" content=\"Dur\u00e9e de lecture estim\u00e9e\" \/>\n\t<meta name=\"twitter:data1\" content=\"2 minutes\" \/>\n<script type=\"application\/ld+json\" class=\"yoast-schema-graph\">{\"@context\":\"https:\\\/\\\/schema.org\",\"@graph\":[{\"@type\":\"WebPage\",\"@id\":\"https:\\\/\\\/saintsuliac.com\\\/index.php\\\/miel-de-saint-suliac\\\/\",\"url\":\"https:\\\/\\\/saintsuliac.com\\\/index.php\\\/miel-de-saint-suliac\\\/\",\"name\":\"Miel de Saint-Suliac - Saint-Suliac\",\"isPartOf\":{\"@id\":\"https:\\\/\\\/saintsuliac.com\\\/#website\"},\"primaryImageOfPage\":{\"@id\":\"https:\\\/\\\/saintsuliac.com\\\/index.php\\\/miel-de-saint-suliac\\\/#primaryimage\"},\"image\":{\"@id\":\"https:\\\/\\\/saintsuliac.com\\\/index.php\\\/miel-de-saint-suliac\\\/#primaryimage\"},\"thumbnailUrl\":\"https:\\\/\\\/saintsuliac.com\\\/wp-content\\\/uploads\\\/2025\\\/09\\\/pot-miel-saint-suliac-1-768x1024.jpg\",\"datePublished\":\"2025-09-01T12:26:19+00:00\",\"dateModified\":\"2025-09-02T09:28:43+00:00\",\"breadcrumb\":{\"@id\":\"https:\\\/\\\/saintsuliac.com\\\/index.php\\\/miel-de-saint-suliac\\\/#breadcrumb\"},\"inLanguage\":\"fr-FR\",\"potentialAction\":[{\"@type\":\"ReadAction\",\"target\":[\"https:\\\/\\\/saintsuliac.com\\\/index.php\\\/miel-de-saint-suliac\\\/\"]}]},{\"@type\":\"ImageObject\",\"inLanguage\":\"fr-FR\",\"@id\":\"https:\\\/\\\/saintsuliac.com\\\/index.php\\\/miel-de-saint-suliac\\\/#primaryimage\",\"url\":\"https:\\\/\\\/saintsuliac.com\\\/wp-content\\\/uploads\\\/2025\\\/09\\\/pot-miel-saint-suliac-1.jpg\",\"contentUrl\":\"https:\\\/\\\/saintsuliac.com\\\/wp-content\\\/uploads\\\/2025\\\/09\\\/pot-miel-saint-suliac-1.jpg\",\"width\":1200,\"height\":1600,\"caption\":\"pot de miel de saint-suliac\"},{\"@type\":\"BreadcrumbList\",\"@id\":\"https:\\\/\\\/saintsuliac.com\\\/index.php\\\/miel-de-saint-suliac\\\/#breadcrumb\",\"itemListElement\":[{\"@type\":\"ListItem\",\"position\":1,\"name\":\"Accueil\",\"item\":\"https:\\\/\\\/saintsuliac.com\\\/\"},{\"@type\":\"ListItem\",\"position\":2,\"name\":\"Miel de Saint-Suliac\"}]},{\"@type\":\"WebSite\",\"@id\":\"https:\\\/\\\/saintsuliac.com\\\/#website\",\"url\":\"https:\\\/\\\/saintsuliac.com\\\/\",\"name\":\"Saint-Suliac\",\"description\":\"Bienvenue \u00e0 Saint-Suliac \",\"publisher\":{\"@id\":\"https:\\\/\\\/saintsuliac.com\\\/#\\\/schema\\\/person\\\/0178bfa3583e6a68b0fa113763c05f5f\"},\"potentialAction\":[{\"@type\":\"SearchAction\",\"target\":{\"@type\":\"EntryPoint\",\"urlTemplate\":\"https:\\\/\\\/saintsuliac.com\\\/?s={search_term_string}\"},\"query-input\":{\"@type\":\"PropertyValueSpecification\",\"valueRequired\":true,\"valueName\":\"search_term_string\"}}],\"inLanguage\":\"fr-FR\"},{\"@type\":[\"Person\",\"Organization\"],\"@id\":\"https:\\\/\\\/saintsuliac.com\\\/#\\\/schema\\\/person\\\/0178bfa3583e6a68b0fa113763c05f5f\",\"name\":\"Xavier P.\",\"image\":{\"@type\":\"ImageObject\",\"inLanguage\":\"fr-FR\",\"@id\":\"https:\\\/\\\/saintsuliac.com\\\/wp-content\\\/uploads\\\/2025\\\/04\\\/cropped-logo_profil_rs_couleur.jpg\",\"url\":\"https:\\\/\\\/saintsuliac.com\\\/wp-content\\\/uploads\\\/2025\\\/04\\\/cropped-logo_profil_rs_couleur.jpg\",\"contentUrl\":\"https:\\\/\\\/saintsuliac.com\\\/wp-content\\\/uploads\\\/2025\\\/04\\\/cropped-logo_profil_rs_couleur.jpg\",\"width\":1199,\"height\":1206,\"caption\":\"Xavier P.\"},\"logo\":{\"@id\":\"https:\\\/\\\/saintsuliac.com\\\/wp-content\\\/uploads\\\/2025\\\/04\\\/cropped-logo_profil_rs_couleur.jpg\"},\"sameAs\":[\"http:\\\/\\\/saintsuliac.com\"]}]}<\/script>\n<!-- \/ Yoast SEO plugin. -->","yoast_head_json":{"title":"Miel de Saint-Suliac - Saint-Suliac","robots":{"index":"index","follow":"follow","max-snippet":"max-snippet:-1","max-image-preview":"max-image-preview:large","max-video-preview":"max-video-preview:-1"},"canonical":"https:\/\/saintsuliac.com\/index.php\/miel-de-saint-suliac\/","og_locale":"fr_FR","og_type":"article","og_title":"Miel de Saint-Suliac - Saint-Suliac","og_description":"MIEL DE SAINT-SULIAC Tout au long de l&rsquo;ann\u00e9e, Emilie et Philippe r\u00e9coltent du miel directement \u00e0 Saint-Suliac et ses alentours.\u00a0 Permettant de poliniser les fleurs et certaines plantes, les abeilles sont essentielles \u00e0 la bio-diversit\u00e9.\u00a0 Faisant partie depuis 1999 des Plus beaux villages de France, Saint-Suliac est un village tr\u00e8s fleuri. Au dela des vergerettes [&hellip;]","og_url":"https:\/\/saintsuliac.com\/index.php\/miel-de-saint-suliac\/","og_site_name":"Saint-Suliac","article_modified_time":"2025-09-02T09:28:43+00:00","og_image":[{"width":1200,"height":1600,"url":"https:\/\/saintsuliac.com\/wp-content\/uploads\/2025\/09\/pot-miel-saint-suliac-1.jpg","type":"image\/jpeg"}],"twitter_card":"summary_large_image","twitter_misc":{"Dur\u00e9e de lecture estim\u00e9e":"2 minutes"},"schema":{"@context":"https:\/\/schema.org","@graph":[{"@type":"WebPage","@id":"https:\/\/saintsuliac.com\/index.php\/miel-de-saint-suliac\/","url":"https:\/\/saintsuliac.com\/index.php\/miel-de-saint-suliac\/","name":"Miel de Saint-Suliac - Saint-Suliac","isPartOf":{"@id":"https:\/\/saintsuliac.com\/#website"},"primaryImageOfPage":{"@id":"https:\/\/saintsuliac.com\/index.php\/miel-de-saint-suliac\/#primaryimage"},"image":{"@id":"https:\/\/saintsuliac.com\/index.php\/miel-de-saint-suliac\/#primaryimage"},"thumbnailUrl":"https:\/\/saintsuliac.com\/wp-content\/uploads\/2025\/09\/pot-miel-saint-suliac-1-768x1024.jpg","datePublished":"2025-09-01T12:26:19+00:00","dateModified":"2025-09-02T09:28:43+00:00","breadcrumb":{"@id":"https:\/\/saintsuliac.com\/index.php\/miel-de-saint-suliac\/#breadcrumb"},"inLanguage":"fr-FR","potentialAction":[{"@type":"ReadAction","target":["https:\/\/saintsuliac.com\/index.php\/miel-de-saint-suliac\/"]}]},{"@type":"ImageObject","inLanguage":"fr-FR","@id":"https:\/\/saintsuliac.com\/index.php\/miel-de-saint-suliac\/#primaryimage","url":"https:\/\/saintsuliac.com\/wp-content\/uploads\/2025\/09\/pot-miel-saint-suliac-1.jpg","contentUrl":"https:\/\/saintsuliac.com\/wp-content\/uploads\/2025\/09\/pot-miel-saint-suliac-1.jpg","width":1200,"height":1600,"caption":"pot de miel de saint-suliac"},{"@type":"BreadcrumbList","@id":"https:\/\/saintsuliac.com\/index.php\/miel-de-saint-suliac\/#breadcrumb","itemListElement":[{"@type":"ListItem","position":1,"name":"Accueil","item":"https:\/\/saintsuliac.com\/"},{"@type":"ListItem","position":2,"name":"Miel de Saint-Suliac"}]},{"@type":"WebSite","@id":"https:\/\/saintsuliac.com\/#website","url":"https:\/\/saintsuliac.com\/","name":"Saint-Suliac","description":"Bienvenue \u00e0 Saint-Suliac ","publisher":{"@id":"https:\/\/saintsuliac.com\/#\/schema\/person\/0178bfa3583e6a68b0fa113763c05f5f"},"potentialAction":[{"@type":"SearchAction","target":{"@type":"EntryPoint","urlTemplate":"https:\/\/saintsuliac.com\/?s={search_term_string}"},"query-input":{"@type":"PropertyValueSpecification","valueRequired":true,"valueName":"search_term_string"}}],"inLanguage":"fr-FR"},{"@type":["Person","Organization"],"@id":"https:\/\/saintsuliac.com\/#\/schema\/person\/0178bfa3583e6a68b0fa113763c05f5f","name":"Xavier P.","image":{"@type":"ImageObject","inLanguage":"fr-FR","@id":"https:\/\/saintsuliac.com\/wp-content\/uploads\/2025\/04\/cropped-logo_profil_rs_couleur.jpg","url":"https:\/\/saintsuliac.com\/wp-content\/uploads\/2025\/04\/cropped-logo_profil_rs_couleur.jpg","contentUrl":"https:\/\/saintsuliac.com\/wp-content\/uploads\/2025\/04\/cropped-logo_profil_rs_couleur.jpg","width":1199,"height":1206,"caption":"Xavier P."},"logo":{"@id":"https:\/\/saintsuliac.com\/wp-content\/uploads\/2025\/04\/cropped-logo_profil_rs_couleur.jpg"},"sameAs":["http:\/\/saintsuliac.com"]}]}},"_links":{"self":[{"href":"https:\/\/saintsuliac.com\/index.php\/wp-json\/wp\/v2\/pages\/5754","targetHints":{"allow":["GET"]}}],"collection":[{"href":"https:\/\/saintsuliac.com\/index.php\/wp-json\/wp\/v2\/pages"}],"about":[{"href":"https:\/\/saintsuliac.com\/index.php\/wp-json\/wp\/v2\/types\/page"}],"author":[{"embeddable":true,"href":"https:\/\/saintsuliac.com\/index.php\/wp-json\/wp\/v2\/users\/1"}],"replies":[{"embeddable":true,"href":"https:\/\/saintsuliac.com\/index.php\/wp-json\/wp\/v2\/comments?post=5754"}],"version-history":[{"count":40,"href":"https:\/\/saintsuliac.com\/index.php\/wp-json\/wp\/v2\/pages\/5754\/revisions"}],"predecessor-version":[{"id":5810,"href":"https:\/\/saintsuliac.com\/index.php\/wp-json\/wp\/v2\/pages\/5754\/revisions\/5810"}],"wp:attachment":[{"href":"https:\/\/saintsuliac.com\/index.php\/wp-json\/wp\/v2\/media?parent=5754"}],"curies":[{"name":"wp","href":"https:\/\/api.w.org\/{rel}","templated":true}]}}