{"id":4307,"date":"2025-05-22T09:42:25","date_gmt":"2025-05-22T07:42:25","guid":{"rendered":"https:\/\/saintsuliac.com\/?page_id=4307"},"modified":"2026-02-03T19:41:04","modified_gmt":"2026-02-03T18:41:04","slug":"os-suliacais-2","status":"publish","type":"page","link":"https:\/\/saintsuliac.com\/index.php\/os-suliacais-2\/","title":{"rendered":"Omnisport Sulia\u00e7ais"},"content":{"rendered":"\t\t<div data-elementor-type=\"wp-page\" data-elementor-id=\"4307\" class=\"elementor elementor-4307\" data-elementor-post-type=\"page\">\n\t\t\t\t<div class=\"elementor-element elementor-element-10c5c9f e-flex e-con-boxed e-con e-parent\" data-id=\"10c5c9f\" data-element_type=\"container\" data-e-type=\"container\">\n\t\t\t\t\t<div class=\"e-con-inner\">\n\t\t\t\t<div class=\"elementor-element elementor-element-11977eb elementor-widget elementor-widget-heading\" data-id=\"11977eb\" data-element_type=\"widget\" data-e-type=\"widget\" data-widget_type=\"heading.default\">\n\t\t\t\t<div class=\"elementor-widget-container\">\n\t\t\t\t\t<h2 class=\"elementor-heading-title elementor-size-default\">OMNISPORT SULIA\u00c7AIS<\/h2>\t\t\t\t<\/div>\n\t\t\t\t<\/div>\n\t\t\t\t\t<\/div>\n\t\t\t\t<\/div>\n\t\t<div class=\"elementor-element elementor-element-3ce1eef e-flex e-con-boxed e-con e-parent\" data-id=\"3ce1eef\" data-element_type=\"container\" data-e-type=\"container\">\n\t\t\t\t\t<div class=\"e-con-inner\">\n\t\t\t\t<div class=\"elementor-element elementor-element-dfe7470 elementor-widget elementor-widget-spacer\" data-id=\"dfe7470\" data-element_type=\"widget\" data-e-type=\"widget\" data-widget_type=\"spacer.default\">\n\t\t\t\t<div class=\"elementor-widget-container\">\n\t\t\t\t\t\t\t<div class=\"elementor-spacer\">\n\t\t\t<div class=\"elementor-spacer-inner\"><\/div>\n\t\t<\/div>\n\t\t\t\t\t\t<\/div>\n\t\t\t\t<\/div>\n\t\t\t\t\t<\/div>\n\t\t\t\t<\/div>\n\t\t<div class=\"elementor-element elementor-element-81fa3d3 e-flex e-con-boxed e-con e-parent\" data-id=\"81fa3d3\" data-element_type=\"container\" data-e-type=\"container\">\n\t\t\t\t\t<div class=\"e-con-inner\">\n\t\t\t\t<div class=\"elementor-element elementor-element-2eef8ab elementor-widget elementor-widget-text-editor\" data-id=\"2eef8ab\" data-element_type=\"widget\" data-e-type=\"widget\" data-widget_type=\"text-editor.default\">\n\t\t\t\t<div class=\"elementor-widget-container\">\n\t\t\t\t\t\t\t\t\t<p>Ouvert \u00e0 toutes et \u00e0 tous, l&rsquo;Omnisport Sulia\u00e7ais accueille des \u00e9quipes jeunes et seniors, dans un esprit familial et sportif. Que ce soit pour l\u2019initiation, la comp\u00e9tition ou simplement le plaisir de jouer ensemble, chacun trouve sa place sur le terrain.<\/p>\t\t\t\t\t\t\t\t<\/div>\n\t\t\t\t<\/div>\n\t\t\t\t\t<\/div>\n\t\t\t\t<\/div>\n\t\t<div class=\"elementor-element elementor-element-1ce064f e-flex e-con-boxed e-con e-parent\" data-id=\"1ce064f\" data-element_type=\"container\" data-e-type=\"container\">\n\t\t\t\t\t<div class=\"e-con-inner\">\n\t\t\t\t<div class=\"elementor-element elementor-element-8d688bc elementor-widget elementor-widget-image\" data-id=\"8d688bc\" data-element_type=\"widget\" data-e-type=\"widget\" data-widget_type=\"image.default\">\n\t\t\t\t<div class=\"elementor-widget-container\">\n\t\t\t\t\t\t\t\t\t\t\t\t\t\t\t<img fetchpriority=\"high\" decoding=\"async\" width=\"2560\" height=\"1920\" src=\"https:\/\/saintsuliac.com\/wp-content\/uploads\/2025\/05\/om-suliacais-saint-suliac-scaled.jpg\" class=\"attachment-full size-full wp-image-4335\" alt=\"\" srcset=\"https:\/\/saintsuliac.com\/wp-content\/uploads\/2025\/05\/om-suliacais-saint-suliac-scaled.jpg 2560w, https:\/\/saintsuliac.com\/wp-content\/uploads\/2025\/05\/om-suliacais-saint-suliac-300x225.jpg 300w, https:\/\/saintsuliac.com\/wp-content\/uploads\/2025\/05\/om-suliacais-saint-suliac-1024x768.jpg 1024w, https:\/\/saintsuliac.com\/wp-content\/uploads\/2025\/05\/om-suliacais-saint-suliac-768x576.jpg 768w, https:\/\/saintsuliac.com\/wp-content\/uploads\/2025\/05\/om-suliacais-saint-suliac-1536x1152.jpg 1536w, https:\/\/saintsuliac.com\/wp-content\/uploads\/2025\/05\/om-suliacais-saint-suliac-2048x1536.jpg 2048w\" sizes=\"(max-width: 2560px) 100vw, 2560px\" \/>\t\t\t\t\t\t\t\t\t\t\t\t\t\t\t<\/div>\n\t\t\t\t<\/div>\n\t\t\t\t\t<\/div>\n\t\t\t\t<\/div>\n\t\t<div class=\"elementor-element elementor-element-90f8b6c e-flex e-con-boxed e-con e-parent\" data-id=\"90f8b6c\" data-element_type=\"container\" data-e-type=\"container\">\n\t\t\t\t\t<div class=\"e-con-inner\">\n\t\t\t\t<div class=\"elementor-element elementor-element-66dc342 elementor-widget elementor-widget-spacer\" data-id=\"66dc342\" data-element_type=\"widget\" data-e-type=\"widget\" data-widget_type=\"spacer.default\">\n\t\t\t\t<div class=\"elementor-widget-container\">\n\t\t\t\t\t\t\t<div class=\"elementor-spacer\">\n\t\t\t<div class=\"elementor-spacer-inner\"><\/div>\n\t\t<\/div>\n\t\t\t\t\t\t<\/div>\n\t\t\t\t<\/div>\n\t\t\t\t\t<\/div>\n\t\t\t\t<\/div>\n\t\t<div class=\"elementor-element elementor-element-7f0063d e-flex e-con-boxed e-con e-parent\" data-id=\"7f0063d\" data-element_type=\"container\" data-e-type=\"container\">\n\t\t\t\t\t<div class=\"e-con-inner\">\n\t\t\t\t<div class=\"elementor-element elementor-element-da820c8 elementor-widget elementor-widget-heading\" data-id=\"da820c8\" data-element_type=\"widget\" data-e-type=\"widget\" data-widget_type=\"heading.default\">\n\t\t\t\t<div class=\"elementor-widget-container\">\n\t\t\t\t\t<h2 class=\"elementor-heading-title elementor-size-default\">L'histoire du Club :<\/h2>\t\t\t\t<\/div>\n\t\t\t\t<\/div>\n\t\t\t\t\t<\/div>\n\t\t\t\t<\/div>\n\t\t<div class=\"elementor-element elementor-element-e607f5d e-flex e-con-boxed e-con e-parent\" data-id=\"e607f5d\" data-element_type=\"container\" data-e-type=\"container\">\n\t\t\t\t\t<div class=\"e-con-inner\">\n\t\t\t\t<div class=\"elementor-element elementor-element-6415c68 elementor-widget elementor-widget-text-editor\" data-id=\"6415c68\" data-element_type=\"widget\" data-e-type=\"widget\" data-widget_type=\"text-editor.default\">\n\t\t\t\t<div class=\"elementor-widget-container\">\n\t\t\t\t\t\t\t\t\t<p>\u00c0 l\u2019origine de l\u2019Omnisport Suliacais, on trouve F\u00e9lix Tudoret, figure embl\u00e9matique du village, sans qui le club n\u2019aurait jamais vu le jour. C\u2019est lui qui, avec une grande g\u00e9n\u00e9rosit\u00e9, a c\u00e9d\u00e9 l\u2019un de ses champs pour qu\u2019il devienne le terrain de football que l\u2019on conna\u00eet aujourd\u2019hui, sur lequel se dresse d\u00e9sormais le stade qui porte son nom.<\/p><p>\u00c0 cette \u00e9poque, c\u2019est toute une communaut\u00e9 qui s\u2019est mobilis\u00e9e : les habitants, en particulier des paysans, ont retrouss\u00e9 leurs manches pour drainer le terrain, semer la pelouse, et poser les premi\u00e8res bases du club. Dans un bel \u00e9lan collectif, ils ont r\u00e9cup\u00e9r\u00e9 un vieux chalet, l\u2019ont transport\u00e9 et retap\u00e9 \u00e0 la main pour en faire les premiers vestiaires, ont construit eux-m\u00eames le club house, et m\u00eame \u00e9rig\u00e9 les tribunes actuelles, pierre par pierre. Un h\u00e9ritage b\u00e2ti \u00e0 la force des bras, dans un esprit de solidarit\u00e9 et de passion qui anime encore le club aujourd\u2019hui.<\/p>\t\t\t\t\t\t\t\t<\/div>\n\t\t\t\t<\/div>\n\t\t\t\t\t<\/div>\n\t\t\t\t<\/div>\n\t\t<div class=\"elementor-element elementor-element-506478f e-flex e-con-boxed e-con e-parent\" data-id=\"506478f\" data-element_type=\"container\" data-e-type=\"container\">\n\t\t\t\t\t<div class=\"e-con-inner\">\n\t\t\t\t<div class=\"elementor-element elementor-element-739cdf9 elementor-widget elementor-widget-heading\" data-id=\"739cdf9\" data-element_type=\"widget\" data-e-type=\"widget\" data-widget_type=\"heading.default\">\n\t\t\t\t<div class=\"elementor-widget-container\">\n\t\t\t\t\t<h2 class=\"elementor-heading-title elementor-size-default\">Premi\u00e8re \u00e9quipe de l'OS Sulia\u00e7ais, saison 77-78<\/h2>\t\t\t\t<\/div>\n\t\t\t\t<\/div>\n\t\t\t\t\t<\/div>\n\t\t\t\t<\/div>\n\t\t<div class=\"elementor-element elementor-element-69005cf e-flex e-con-boxed e-con e-parent\" data-id=\"69005cf\" data-element_type=\"container\" data-e-type=\"container\">\n\t\t\t\t\t<div class=\"e-con-inner\">\n\t\t\t\t<div class=\"elementor-element elementor-element-bef11db elementor-widget elementor-widget-image\" data-id=\"bef11db\" data-element_type=\"widget\" data-e-type=\"widget\" data-widget_type=\"image.default\">\n\t\t\t\t<div class=\"elementor-widget-container\">\n\t\t\t\t\t\t\t\t\t\t\t\t\t\t\t<img decoding=\"async\" width=\"478\" height=\"315\" src=\"https:\/\/saintsuliac.com\/wp-content\/uploads\/2025\/05\/saint-suliac-os-suliacais.jpg\" class=\"attachment-large size-large wp-image-4303\" alt=\"\u00e9quipe historique de football de saint-suliac\" srcset=\"https:\/\/saintsuliac.com\/wp-content\/uploads\/2025\/05\/saint-suliac-os-suliacais.jpg 478w, https:\/\/saintsuliac.com\/wp-content\/uploads\/2025\/05\/saint-suliac-os-suliacais-300x198.jpg 300w\" sizes=\"(max-width: 478px) 100vw, 478px\" \/>\t\t\t\t\t\t\t\t\t\t\t\t\t\t\t<\/div>\n\t\t\t\t<\/div>\n\t\t\t\t\t<\/div>\n\t\t\t\t<\/div>\n\t\t<div class=\"elementor-element elementor-element-4b5cde2 e-flex e-con-boxed e-con e-parent\" data-id=\"4b5cde2\" data-element_type=\"container\" data-e-type=\"container\">\n\t\t\t\t\t<div class=\"e-con-inner\">\n\t\t\t\t<div class=\"elementor-element elementor-element-b3f812d elementor-widget elementor-widget-text-editor\" data-id=\"b3f812d\" data-element_type=\"widget\" data-e-type=\"widget\" data-widget_type=\"text-editor.default\">\n\t\t\t\t<div class=\"elementor-widget-container\">\n\t\t\t\t\t\t\t\t\t<p>Debout de gauche \u00e0 droite: Alain Roussel, Frank Contin, Yannick Coup\u00e9, R\u00e9gis Pondemer, Patrick Bertrand, Philippe Bertrand, Eric Botcazou.<\/p><p>Premier rang de gauche \u00e0 droite : Joel Blin, Yann le Beslour, Ange-Ren\u00e9 le Besllour, Xavier le Chapelain (\u00ab\u00a0Chacha\u00a0\u00bb), Luidgi Lossois;<\/p>\t\t\t\t\t\t\t\t<\/div>\n\t\t\t\t<\/div>\n\t\t\t\t\t<\/div>\n\t\t\t\t<\/div>\n\t\t<div class=\"elementor-element elementor-element-e08a8d8 e-flex e-con-boxed e-con e-parent\" data-id=\"e08a8d8\" data-element_type=\"container\" data-e-type=\"container\">\n\t\t\t\t\t<div class=\"e-con-inner\">\n\t\t<div class=\"elementor-element elementor-element-83fbb86 e-con-full e-flex e-con e-child\" data-id=\"83fbb86\" data-element_type=\"container\" data-e-type=\"container\">\n\t\t\t\t<\/div>\n\t\t<div class=\"elementor-element elementor-element-cb15095 e-con-full e-flex e-con e-child\" data-id=\"cb15095\" data-element_type=\"container\" data-e-type=\"container\">\n\t\t\t\t<div class=\"elementor-element elementor-element-d486a39 elementor-widget elementor-widget-google_maps\" data-id=\"d486a39\" data-element_type=\"widget\" data-e-type=\"widget\" data-widget_type=\"google_maps.default\">\n\t\t\t\t<div class=\"elementor-widget-container\">\n\t\t\t\t\t\t\t<div class=\"elementor-custom-embed\">\n\t\t\t<iframe loading=\"lazy\"\n\t\t\t\t\tsrc=\"https:\/\/maps.google.com\/maps?q=stade%20felix%20tudoret&#038;t=m&#038;z=14&#038;output=embed&#038;iwloc=near\"\n\t\t\t\t\ttitle=\"stade felix tudoret\"\n\t\t\t\t\taria-label=\"stade felix tudoret\"\n\t\t\t><\/iframe>\n\t\t<\/div>\n\t\t\t\t\t\t<\/div>\n\t\t\t\t<\/div>\n\t\t\t\t<\/div>\n\t\t\t\t\t<\/div>\n\t\t\t\t<\/div>\n\t\t<div class=\"elementor-element elementor-element-ca9197e e-flex e-con-boxed e-con e-parent\" data-id=\"ca9197e\" data-element_type=\"container\" data-e-type=\"container\">\n\t\t\t\t\t<div class=\"e-con-inner\">\n\t\t\t\t<div class=\"elementor-element elementor-element-4940735 elementor-widget elementor-widget-spacer\" data-id=\"4940735\" data-element_type=\"widget\" data-e-type=\"widget\" data-widget_type=\"spacer.default\">\n\t\t\t\t<div class=\"elementor-widget-container\">\n\t\t\t\t\t\t\t<div class=\"elementor-spacer\">\n\t\t\t<div class=\"elementor-spacer-inner\"><\/div>\n\t\t<\/div>\n\t\t\t\t\t\t<\/div>\n\t\t\t\t<\/div>\n\t\t\t\t\t<\/div>\n\t\t\t\t<\/div>\n\t\t<div class=\"elementor-element elementor-element-25d6bbf e-flex e-con-boxed e-con e-parent\" data-id=\"25d6bbf\" data-element_type=\"container\" data-e-type=\"container\">\n\t\t\t\t\t<div class=\"e-con-inner\">\n\t\t\t\t<div class=\"elementor-element elementor-element-1f27a1a elementor--h-position-center elementor--v-position-middle elementor-arrows-position-inside elementor-pagination-position-inside elementor-widget elementor-widget-slides\" data-id=\"1f27a1a\" data-element_type=\"widget\" data-e-type=\"widget\" data-settings=\"{&quot;navigation&quot;:&quot;both&quot;,&quot;autoplay&quot;:&quot;yes&quot;,&quot;pause_on_hover&quot;:&quot;yes&quot;,&quot;pause_on_interaction&quot;:&quot;yes&quot;,&quot;autoplay_speed&quot;:5000,&quot;infinite&quot;:&quot;yes&quot;,&quot;transition&quot;:&quot;slide&quot;,&quot;transition_speed&quot;:500}\" data-widget_type=\"slides.default\">\n\t\t\t\t<div class=\"elementor-widget-container\">\n\t\t\t\t\t\t\t\t\t<div class=\"elementor-swiper\">\n\t\t\t\t\t<div class=\"elementor-slides-wrapper elementor-main-swiper swiper\" role=\"region\" aria-roledescription=\"carousel\" aria-label=\"Diapositives\" dir=\"ltr\" data-animation=\"fadeInUp\">\n\t\t\t\t<div class=\"swiper-wrapper elementor-slides\">\n\t\t\t\t\t\t\t\t\t\t<div class=\"elementor-repeater-item-de57567 swiper-slide\" role=\"group\" aria-roledescription=\"slide\"><div class=\"swiper-slide-bg\" role=\"img\" aria-label=\"\u00e9quipe de football de saint-suliac\"><\/div><a class=\"swiper-slide-inner\" href=\"https:\/\/epreuves.fff.fr\/competition\/club\/535183-om-suliacais\/club\" target=\"_blank\"><div class=\"swiper-slide-contents\"><div  class=\"elementor-button elementor-slide-button elementor-size-sm\">En savoir plus<\/div><\/div><\/a><\/div>\t\t\t\t<\/div>\n\t\t\t\t\t\t\t<\/div>\n\t\t\t\t<\/div>\n\t\t\t\t\t\t\t\t<\/div>\n\t\t\t\t<\/div>\n\t\t\t\t\t<\/div>\n\t\t\t\t<\/div>\n\t\t<div class=\"elementor-element elementor-element-5403f17 e-flex e-con-boxed e-con e-parent\" data-id=\"5403f17\" data-element_type=\"container\" data-e-type=\"container\">\n\t\t\t\t\t<div class=\"e-con-inner\">\n\t\t\t\t<div class=\"elementor-element elementor-element-27f4631 elementor-widget elementor-widget-spacer\" data-id=\"27f4631\" data-element_type=\"widget\" data-e-type=\"widget\" data-widget_type=\"spacer.default\">\n\t\t\t\t<div class=\"elementor-widget-container\">\n\t\t\t\t\t\t\t<div class=\"elementor-spacer\">\n\t\t\t<div class=\"elementor-spacer-inner\"><\/div>\n\t\t<\/div>\n\t\t\t\t\t\t<\/div>\n\t\t\t\t<\/div>\n\t\t\t\t\t<\/div>\n\t\t\t\t<\/div>\n\t\t<div class=\"elementor-element elementor-element-cd2bfb4 e-flex e-con-boxed e-con e-parent\" data-id=\"cd2bfb4\" data-element_type=\"container\" data-e-type=\"container\">\n\t\t\t\t\t<div class=\"e-con-inner\">\n\t\t\t\t<div class=\"elementor-element elementor-element-a980bb8 elementor--h-position-center elementor--v-position-middle elementor-arrows-position-inside elementor-pagination-position-inside elementor-widget elementor-widget-slides\" data-id=\"a980bb8\" data-element_type=\"widget\" data-e-type=\"widget\" data-settings=\"{&quot;navigation&quot;:&quot;both&quot;,&quot;autoplay&quot;:&quot;yes&quot;,&quot;pause_on_hover&quot;:&quot;yes&quot;,&quot;pause_on_interaction&quot;:&quot;yes&quot;,&quot;autoplay_speed&quot;:5000,&quot;infinite&quot;:&quot;yes&quot;,&quot;transition&quot;:&quot;slide&quot;,&quot;transition_speed&quot;:500}\" data-widget_type=\"slides.default\">\n\t\t\t\t<div class=\"elementor-widget-container\">\n\t\t\t\t\t\t\t\t\t<div class=\"elementor-swiper\">\n\t\t\t\t\t<div class=\"elementor-slides-wrapper elementor-main-swiper swiper\" role=\"region\" aria-roledescription=\"carousel\" aria-label=\"Diapositives\" dir=\"ltr\" data-animation=\"fadeInUp\">\n\t\t\t\t<div class=\"swiper-wrapper elementor-slides\">\n\t\t\t\t\t\t\t\t\t\t<div class=\"elementor-repeater-item-d55d324 swiper-slide\" role=\"group\" aria-roledescription=\"slide\"><div class=\"swiper-slide-bg\" role=\"img\" aria-label=\"coucher de soleil sur la cale de saint-suliac \u00e0 mar\u00e9e basse\"><\/div><a class=\"swiper-slide-inner\" href=\"https:\/\/saintsuliac.com\/\"><div class=\"swiper-slide-contents\"><div  class=\"elementor-button elementor-slide-button elementor-size-sm\">Accueil<\/div><\/div><\/a><\/div>\t\t\t\t<\/div>\n\t\t\t\t\t\t\t<\/div>\n\t\t\t\t<\/div>\n\t\t\t\t\t\t\t\t<\/div>\n\t\t\t\t<\/div>\n\t\t\t\t\t<\/div>\n\t\t\t\t<\/div>\n\t\t\t\t<\/div>\n\t\t","protected":false},"excerpt":{"rendered":"<p>OMNISPORT SULIA\u00c7AIS Ouvert \u00e0 toutes et \u00e0 tous, l&rsquo;Omnisport Sulia\u00e7ais accueille des \u00e9quipes jeunes et seniors, dans un esprit familial et sportif. Que ce soit pour l\u2019initiation, la comp\u00e9tition ou simplement le plaisir de jouer ensemble, chacun trouve sa place sur le terrain. L&rsquo;histoire du Club : \u00c0 l\u2019origine de l\u2019Omnisport Suliacais, on trouve F\u00e9lix [&hellip;]<\/p>\n","protected":false},"author":1,"featured_media":0,"parent":0,"menu_order":0,"comment_status":"closed","ping_status":"closed","template":"elementor_header_footer","meta":{"footnotes":""},"class_list":["post-4307","page","type-page","status-publish","hentry"],"yoast_head":"<!-- This site is optimized with the Yoast SEO plugin v27.5 - https:\/\/yoast.com\/product\/yoast-seo-wordpress\/ -->\n<title>Omnisport Sulia\u00e7ais - Saint-Suliac<\/title>\n<meta name=\"robots\" content=\"index, follow, max-snippet:-1, max-image-preview:large, max-video-preview:-1\" \/>\n<link rel=\"canonical\" href=\"https:\/\/saintsuliac.com\/index.php\/os-suliacais-2\/\" \/>\n<meta property=\"og:locale\" content=\"fr_FR\" \/>\n<meta property=\"og:type\" content=\"article\" \/>\n<meta property=\"og:title\" content=\"Omnisport Sulia\u00e7ais - Saint-Suliac\" \/>\n<meta property=\"og:description\" content=\"OMNISPORT SULIA\u00c7AIS Ouvert \u00e0 toutes et \u00e0 tous, l&rsquo;Omnisport Sulia\u00e7ais accueille des \u00e9quipes jeunes et seniors, dans un esprit familial et sportif. Que ce soit pour l\u2019initiation, la comp\u00e9tition ou simplement le plaisir de jouer ensemble, chacun trouve sa place sur le terrain. L&rsquo;histoire du Club : \u00c0 l\u2019origine de l\u2019Omnisport Suliacais, on trouve F\u00e9lix [&hellip;]\" \/>\n<meta property=\"og:url\" content=\"https:\/\/saintsuliac.com\/index.php\/os-suliacais-2\/\" \/>\n<meta property=\"og:site_name\" content=\"Saint-Suliac\" \/>\n<meta property=\"article:modified_time\" content=\"2026-02-03T18:41:04+00:00\" \/>\n<meta property=\"og:image\" content=\"https:\/\/saintsuliac.com\/wp-content\/uploads\/2025\/05\/om-suliacais-saint-suliac-scaled.jpg\" \/>\n\t<meta property=\"og:image:width\" content=\"2560\" \/>\n\t<meta property=\"og:image:height\" content=\"1920\" \/>\n\t<meta property=\"og:image:type\" content=\"image\/jpeg\" \/>\n<meta name=\"twitter:card\" content=\"summary_large_image\" \/>\n<meta name=\"twitter:label1\" content=\"Dur\u00e9e de lecture estim\u00e9e\" \/>\n\t<meta name=\"twitter:data1\" content=\"2 minutes\" \/>\n<script type=\"application\/ld+json\" class=\"yoast-schema-graph\">{\"@context\":\"https:\\\/\\\/schema.org\",\"@graph\":[{\"@type\":\"WebPage\",\"@id\":\"https:\\\/\\\/saintsuliac.com\\\/index.php\\\/os-suliacais-2\\\/\",\"url\":\"https:\\\/\\\/saintsuliac.com\\\/index.php\\\/os-suliacais-2\\\/\",\"name\":\"Omnisport Sulia\u00e7ais - Saint-Suliac\",\"isPartOf\":{\"@id\":\"https:\\\/\\\/saintsuliac.com\\\/#website\"},\"primaryImageOfPage\":{\"@id\":\"https:\\\/\\\/saintsuliac.com\\\/index.php\\\/os-suliacais-2\\\/#primaryimage\"},\"image\":{\"@id\":\"https:\\\/\\\/saintsuliac.com\\\/index.php\\\/os-suliacais-2\\\/#primaryimage\"},\"thumbnailUrl\":\"https:\\\/\\\/saintsuliac.com\\\/wp-content\\\/uploads\\\/2025\\\/05\\\/om-suliacais-saint-suliac-scaled.jpg\",\"datePublished\":\"2025-05-22T07:42:25+00:00\",\"dateModified\":\"2026-02-03T18:41:04+00:00\",\"breadcrumb\":{\"@id\":\"https:\\\/\\\/saintsuliac.com\\\/index.php\\\/os-suliacais-2\\\/#breadcrumb\"},\"inLanguage\":\"fr-FR\",\"potentialAction\":[{\"@type\":\"ReadAction\",\"target\":[\"https:\\\/\\\/saintsuliac.com\\\/index.php\\\/os-suliacais-2\\\/\"]}]},{\"@type\":\"ImageObject\",\"inLanguage\":\"fr-FR\",\"@id\":\"https:\\\/\\\/saintsuliac.com\\\/index.php\\\/os-suliacais-2\\\/#primaryimage\",\"url\":\"https:\\\/\\\/saintsuliac.com\\\/wp-content\\\/uploads\\\/2025\\\/05\\\/om-suliacais-saint-suliac-scaled.jpg\",\"contentUrl\":\"https:\\\/\\\/saintsuliac.com\\\/wp-content\\\/uploads\\\/2025\\\/05\\\/om-suliacais-saint-suliac-scaled.jpg\",\"width\":2560,\"height\":1920},{\"@type\":\"BreadcrumbList\",\"@id\":\"https:\\\/\\\/saintsuliac.com\\\/index.php\\\/os-suliacais-2\\\/#breadcrumb\",\"itemListElement\":[{\"@type\":\"ListItem\",\"position\":1,\"name\":\"Accueil\",\"item\":\"https:\\\/\\\/saintsuliac.com\\\/\"},{\"@type\":\"ListItem\",\"position\":2,\"name\":\"Omnisport Sulia\u00e7ais\"}]},{\"@type\":\"WebSite\",\"@id\":\"https:\\\/\\\/saintsuliac.com\\\/#website\",\"url\":\"https:\\\/\\\/saintsuliac.com\\\/\",\"name\":\"Saint-Suliac\",\"description\":\"Bienvenue \u00e0 Saint-Suliac \",\"publisher\":{\"@id\":\"https:\\\/\\\/saintsuliac.com\\\/#\\\/schema\\\/person\\\/0178bfa3583e6a68b0fa113763c05f5f\"},\"potentialAction\":[{\"@type\":\"SearchAction\",\"target\":{\"@type\":\"EntryPoint\",\"urlTemplate\":\"https:\\\/\\\/saintsuliac.com\\\/?s={search_term_string}\"},\"query-input\":{\"@type\":\"PropertyValueSpecification\",\"valueRequired\":true,\"valueName\":\"search_term_string\"}}],\"inLanguage\":\"fr-FR\"},{\"@type\":[\"Person\",\"Organization\"],\"@id\":\"https:\\\/\\\/saintsuliac.com\\\/#\\\/schema\\\/person\\\/0178bfa3583e6a68b0fa113763c05f5f\",\"name\":\"Xavier P.\",\"image\":{\"@type\":\"ImageObject\",\"inLanguage\":\"fr-FR\",\"@id\":\"https:\\\/\\\/saintsuliac.com\\\/wp-content\\\/uploads\\\/2025\\\/04\\\/cropped-logo_profil_rs_couleur.jpg\",\"url\":\"https:\\\/\\\/saintsuliac.com\\\/wp-content\\\/uploads\\\/2025\\\/04\\\/cropped-logo_profil_rs_couleur.jpg\",\"contentUrl\":\"https:\\\/\\\/saintsuliac.com\\\/wp-content\\\/uploads\\\/2025\\\/04\\\/cropped-logo_profil_rs_couleur.jpg\",\"width\":1199,\"height\":1206,\"caption\":\"Xavier P.\"},\"logo\":{\"@id\":\"https:\\\/\\\/saintsuliac.com\\\/wp-content\\\/uploads\\\/2025\\\/04\\\/cropped-logo_profil_rs_couleur.jpg\"},\"sameAs\":[\"http:\\\/\\\/saintsuliac.com\"]}]}<\/script>\n<!-- \/ Yoast SEO plugin. -->","yoast_head_json":{"title":"Omnisport Sulia\u00e7ais - Saint-Suliac","robots":{"index":"index","follow":"follow","max-snippet":"max-snippet:-1","max-image-preview":"max-image-preview:large","max-video-preview":"max-video-preview:-1"},"canonical":"https:\/\/saintsuliac.com\/index.php\/os-suliacais-2\/","og_locale":"fr_FR","og_type":"article","og_title":"Omnisport Sulia\u00e7ais - Saint-Suliac","og_description":"OMNISPORT SULIA\u00c7AIS Ouvert \u00e0 toutes et \u00e0 tous, l&rsquo;Omnisport Sulia\u00e7ais accueille des \u00e9quipes jeunes et seniors, dans un esprit familial et sportif. Que ce soit pour l\u2019initiation, la comp\u00e9tition ou simplement le plaisir de jouer ensemble, chacun trouve sa place sur le terrain. L&rsquo;histoire du Club : \u00c0 l\u2019origine de l\u2019Omnisport Suliacais, on trouve F\u00e9lix [&hellip;]","og_url":"https:\/\/saintsuliac.com\/index.php\/os-suliacais-2\/","og_site_name":"Saint-Suliac","article_modified_time":"2026-02-03T18:41:04+00:00","og_image":[{"width":2560,"height":1920,"url":"https:\/\/saintsuliac.com\/wp-content\/uploads\/2025\/05\/om-suliacais-saint-suliac-scaled.jpg","type":"image\/jpeg"}],"twitter_card":"summary_large_image","twitter_misc":{"Dur\u00e9e de lecture estim\u00e9e":"2 minutes"},"schema":{"@context":"https:\/\/schema.org","@graph":[{"@type":"WebPage","@id":"https:\/\/saintsuliac.com\/index.php\/os-suliacais-2\/","url":"https:\/\/saintsuliac.com\/index.php\/os-suliacais-2\/","name":"Omnisport Sulia\u00e7ais - Saint-Suliac","isPartOf":{"@id":"https:\/\/saintsuliac.com\/#website"},"primaryImageOfPage":{"@id":"https:\/\/saintsuliac.com\/index.php\/os-suliacais-2\/#primaryimage"},"image":{"@id":"https:\/\/saintsuliac.com\/index.php\/os-suliacais-2\/#primaryimage"},"thumbnailUrl":"https:\/\/saintsuliac.com\/wp-content\/uploads\/2025\/05\/om-suliacais-saint-suliac-scaled.jpg","datePublished":"2025-05-22T07:42:25+00:00","dateModified":"2026-02-03T18:41:04+00:00","breadcrumb":{"@id":"https:\/\/saintsuliac.com\/index.php\/os-suliacais-2\/#breadcrumb"},"inLanguage":"fr-FR","potentialAction":[{"@type":"ReadAction","target":["https:\/\/saintsuliac.com\/index.php\/os-suliacais-2\/"]}]},{"@type":"ImageObject","inLanguage":"fr-FR","@id":"https:\/\/saintsuliac.com\/index.php\/os-suliacais-2\/#primaryimage","url":"https:\/\/saintsuliac.com\/wp-content\/uploads\/2025\/05\/om-suliacais-saint-suliac-scaled.jpg","contentUrl":"https:\/\/saintsuliac.com\/wp-content\/uploads\/2025\/05\/om-suliacais-saint-suliac-scaled.jpg","width":2560,"height":1920},{"@type":"BreadcrumbList","@id":"https:\/\/saintsuliac.com\/index.php\/os-suliacais-2\/#breadcrumb","itemListElement":[{"@type":"ListItem","position":1,"name":"Accueil","item":"https:\/\/saintsuliac.com\/"},{"@type":"ListItem","position":2,"name":"Omnisport Sulia\u00e7ais"}]},{"@type":"WebSite","@id":"https:\/\/saintsuliac.com\/#website","url":"https:\/\/saintsuliac.com\/","name":"Saint-Suliac","description":"Bienvenue \u00e0 Saint-Suliac ","publisher":{"@id":"https:\/\/saintsuliac.com\/#\/schema\/person\/0178bfa3583e6a68b0fa113763c05f5f"},"potentialAction":[{"@type":"SearchAction","target":{"@type":"EntryPoint","urlTemplate":"https:\/\/saintsuliac.com\/?s={search_term_string}"},"query-input":{"@type":"PropertyValueSpecification","valueRequired":true,"valueName":"search_term_string"}}],"inLanguage":"fr-FR"},{"@type":["Person","Organization"],"@id":"https:\/\/saintsuliac.com\/#\/schema\/person\/0178bfa3583e6a68b0fa113763c05f5f","name":"Xavier P.","image":{"@type":"ImageObject","inLanguage":"fr-FR","@id":"https:\/\/saintsuliac.com\/wp-content\/uploads\/2025\/04\/cropped-logo_profil_rs_couleur.jpg","url":"https:\/\/saintsuliac.com\/wp-content\/uploads\/2025\/04\/cropped-logo_profil_rs_couleur.jpg","contentUrl":"https:\/\/saintsuliac.com\/wp-content\/uploads\/2025\/04\/cropped-logo_profil_rs_couleur.jpg","width":1199,"height":1206,"caption":"Xavier P."},"logo":{"@id":"https:\/\/saintsuliac.com\/wp-content\/uploads\/2025\/04\/cropped-logo_profil_rs_couleur.jpg"},"sameAs":["http:\/\/saintsuliac.com"]}]}},"_links":{"self":[{"href":"https:\/\/saintsuliac.com\/index.php\/wp-json\/wp\/v2\/pages\/4307","targetHints":{"allow":["GET"]}}],"collection":[{"href":"https:\/\/saintsuliac.com\/index.php\/wp-json\/wp\/v2\/pages"}],"about":[{"href":"https:\/\/saintsuliac.com\/index.php\/wp-json\/wp\/v2\/types\/page"}],"author":[{"embeddable":true,"href":"https:\/\/saintsuliac.com\/index.php\/wp-json\/wp\/v2\/users\/1"}],"replies":[{"embeddable":true,"href":"https:\/\/saintsuliac.com\/index.php\/wp-json\/wp\/v2\/comments?post=4307"}],"version-history":[{"count":62,"href":"https:\/\/saintsuliac.com\/index.php\/wp-json\/wp\/v2\/pages\/4307\/revisions"}],"predecessor-version":[{"id":6384,"href":"https:\/\/saintsuliac.com\/index.php\/wp-json\/wp\/v2\/pages\/4307\/revisions\/6384"}],"wp:attachment":[{"href":"https:\/\/saintsuliac.com\/index.php\/wp-json\/wp\/v2\/media?parent=4307"}],"curies":[{"name":"wp","href":"https:\/\/api.w.org\/{rel}","templated":true}]}}