{"id":3506,"date":"2025-04-24T11:25:28","date_gmt":"2025-04-24T09:25:28","guid":{"rendered":"https:\/\/saintsuliac.com\/?page_id=3506"},"modified":"2026-02-03T11:10:25","modified_gmt":"2026-02-03T10:10:25","slug":"compositeur-musique-saint-suliac-damien-fleau","status":"publish","type":"page","link":"https:\/\/saintsuliac.com\/index.php\/compositeur-musique-saint-suliac-damien-fleau\/","title":{"rendered":"Damien Fleau"},"content":{"rendered":"\t\t<div data-elementor-type=\"wp-page\" data-elementor-id=\"3506\" class=\"elementor elementor-3506\" data-elementor-post-type=\"page\">\n\t\t\t\t<div class=\"elementor-element elementor-element-00ff5a5 e-flex e-con-boxed e-con e-parent\" data-id=\"00ff5a5\" data-element_type=\"container\" data-e-type=\"container\">\n\t\t\t\t\t<div class=\"e-con-inner\">\n\t\t\t\t<div class=\"elementor-element elementor-element-3e43bdf elementor-widget elementor-widget-heading\" data-id=\"3e43bdf\" data-element_type=\"widget\" data-e-type=\"widget\" data-widget_type=\"heading.default\">\n\t\t\t\t<div class=\"elementor-widget-container\">\n\t\t\t\t\t<h2 class=\"elementor-heading-title elementor-size-default\">Damien Fleau<\/h2>\t\t\t\t<\/div>\n\t\t\t\t<\/div>\n\t\t\t\t\t<\/div>\n\t\t\t\t<\/div>\n\t\t<div class=\"elementor-element elementor-element-a9ac3eb e-flex e-con-boxed e-con e-parent\" data-id=\"a9ac3eb\" data-element_type=\"container\" data-e-type=\"container\">\n\t\t\t\t\t<div class=\"e-con-inner\">\n\t\t\t\t<div class=\"elementor-element elementor-element-9534f64 elementor-widget elementor-widget-heading\" data-id=\"9534f64\" data-element_type=\"widget\" data-e-type=\"widget\" data-widget_type=\"heading.default\">\n\t\t\t\t<div class=\"elementor-widget-container\">\n\t\t\t\t\t<h2 class=\"elementor-heading-title elementor-size-default\">Compositeur ind\u00e9pendant<\/h2>\t\t\t\t<\/div>\n\t\t\t\t<\/div>\n\t\t\t\t\t<\/div>\n\t\t\t\t<\/div>\n\t\t<div class=\"elementor-element elementor-element-fd8cef9 e-flex e-con-boxed e-con e-parent\" data-id=\"fd8cef9\" data-element_type=\"container\" data-e-type=\"container\">\n\t\t\t\t\t<div class=\"e-con-inner\">\n\t\t\t\t<div class=\"elementor-element elementor-element-af01d72 elementor-widget elementor-widget-text-editor\" data-id=\"af01d72\" data-element_type=\"widget\" data-e-type=\"widget\" data-widget_type=\"text-editor.default\">\n\t\t\t\t<div class=\"elementor-widget-container\">\n\t\t\t\t\t\t\t\t\t<p>Multi-instrumentiste, Damien Fleau est saxophoniste et pianiste, form\u00e9 aux conservatoires de Saint-Malo, Rennes, puis Paris. Le jazz est sa premi\u00e8re inspiration musicale, viendront ensuite la musique classique et l\u2019univers cin\u00e9matographique.<\/p>\t\t\t\t\t\t\t\t<\/div>\n\t\t\t\t<\/div>\n\t\t\t\t<div class=\"elementor-element elementor-element-eb3930e elementor-widget elementor-widget-image\" data-id=\"eb3930e\" data-element_type=\"widget\" data-e-type=\"widget\" data-widget_type=\"image.default\">\n\t\t\t\t<div class=\"elementor-widget-container\">\n\t\t\t\t\t\t\t\t\t\t\t\t\t\t\t<img fetchpriority=\"high\" decoding=\"async\" width=\"800\" height=\"800\" src=\"https:\/\/saintsuliac.com\/wp-content\/uploads\/2025\/04\/damien-fleau-1024x1024.jpg\" class=\"attachment-large size-large wp-image-3508\" alt=\"\" srcset=\"https:\/\/saintsuliac.com\/wp-content\/uploads\/2025\/04\/damien-fleau-1024x1024.jpg 1024w, https:\/\/saintsuliac.com\/wp-content\/uploads\/2025\/04\/damien-fleau-150x150.jpg 150w, https:\/\/saintsuliac.com\/wp-content\/uploads\/2025\/04\/damien-fleau-300x300.jpg 300w, https:\/\/saintsuliac.com\/wp-content\/uploads\/2025\/04\/damien-fleau-768x768.jpg 768w, https:\/\/saintsuliac.com\/wp-content\/uploads\/2025\/04\/damien-fleau-1536x1536.jpg 1536w, https:\/\/saintsuliac.com\/wp-content\/uploads\/2025\/04\/damien-fleau-600x600.jpg 600w, https:\/\/saintsuliac.com\/wp-content\/uploads\/2025\/04\/damien-fleau.jpg 1792w\" sizes=\"(max-width: 800px) 100vw, 800px\" \/>\t\t\t\t\t\t\t\t\t\t\t\t\t\t\t<\/div>\n\t\t\t\t<\/div>\n\t\t\t\t\t<\/div>\n\t\t\t\t<\/div>\n\t\t<div class=\"elementor-element elementor-element-90ebd8f e-flex e-con-boxed e-con e-parent\" data-id=\"90ebd8f\" data-element_type=\"container\" data-e-type=\"container\">\n\t\t\t\t\t<div class=\"e-con-inner\">\n\t\t\t\t<div class=\"elementor-element elementor-element-7d62734 elementor-widget elementor-widget-text-editor\" data-id=\"7d62734\" data-element_type=\"widget\" data-e-type=\"widget\" data-widget_type=\"text-editor.default\">\n\t\t\t\t<div class=\"elementor-widget-container\">\n\t\t\t\t\t\t\t\t\t<p class=\"\" data-start=\"356\" data-end=\"478\">Depuis plus de dix ans, il compose pour l\u2019image : s\u00e9ries, films, documentaires, avec de nombreuses musiques synchronis\u00e9es. Il signe notamment la bande-son d\u2019un documentaire consacr\u00e9 aux Jeux Olympiques de Paris.<\/p><p class=\"\" data-start=\"570\" data-end=\"691\">En 2022, il sort <em data-start=\"587\" data-end=\"602\">Breaking Wave<\/em>, un premier album inspir\u00e9 de Saint-Suliac, salu\u00e9 pour son esth\u00e9tique, surtout en vinyle. Damien travaille aujourd\u2019hui sur un deuxi\u00e8me album, pr\u00e9vu pour 2026.<\/p>\t\t\t\t\t\t\t\t<\/div>\n\t\t\t\t<\/div>\n\t\t\t\t\t<\/div>\n\t\t\t\t<\/div>\n\t\t<div class=\"elementor-element elementor-element-b637ed5 e-flex e-con-boxed e-con e-parent\" data-id=\"b637ed5\" data-element_type=\"container\" data-e-type=\"container\">\n\t\t\t\t\t<div class=\"e-con-inner\">\n\t\t\t\t<div class=\"elementor-element elementor-element-d4d6cf0 elementor-widget elementor-widget-video\" data-id=\"d4d6cf0\" data-element_type=\"widget\" data-e-type=\"widget\" data-settings=\"{&quot;youtube_url&quot;:&quot;https:\\\/\\\/www.youtube.com\\\/watch?v=aqpew776yqo&quot;,&quot;video_type&quot;:&quot;youtube&quot;,&quot;controls&quot;:&quot;yes&quot;}\" data-widget_type=\"video.default\">\n\t\t\t\t<div class=\"elementor-widget-container\">\n\t\t\t\t\t\t\t<div class=\"elementor-wrapper elementor-open-inline\">\n\t\t\t<div class=\"elementor-video\"><\/div>\t\t<\/div>\n\t\t\t\t\t\t<\/div>\n\t\t\t\t<\/div>\n\t\t\t\t\t<\/div>\n\t\t\t\t<\/div>\n\t\t<div class=\"elementor-element elementor-element-76f58d8 e-flex e-con-boxed e-con e-parent\" data-id=\"76f58d8\" data-element_type=\"container\" data-e-type=\"container\">\n\t\t\t\t\t<div class=\"e-con-inner\">\n\t\t\t\t<div class=\"elementor-element elementor-element-e94b8cc elementor-widget elementor-widget-text-editor\" data-id=\"e94b8cc\" data-element_type=\"widget\" data-e-type=\"widget\" data-widget_type=\"text-editor.default\">\n\t\t\t\t<div class=\"elementor-widget-container\">\n\t\t\t\t\t\t\t\t\t<p class=\"\" data-start=\"767\" data-end=\"873\">\u00c0 l\u2019\u00e9t\u00e9 2025, il sera en concert \u00e0 Paris, Tourcoing, Belle-\u00cele et bien s\u00fbr \u00e0 Saint-Suliac pour la f\u00eate de la musique.<\/p><p class=\"\" data-start=\"875\" data-end=\"994\">Membre actif de l\u2019association sulia\u00e7aise LAM, il fait r\u00e9p\u00e9ter des enfants chaque semaine dans les locaux de l\u2019association.<\/p>\t\t\t\t\t\t\t\t<\/div>\n\t\t\t\t<\/div>\n\t\t\t\t\t<\/div>\n\t\t\t\t<\/div>\n\t\t<div class=\"elementor-element elementor-element-dea579f e-flex e-con-boxed e-con e-parent\" data-id=\"dea579f\" data-element_type=\"container\" data-e-type=\"container\">\n\t\t\t\t\t<div class=\"e-con-inner\">\n\t\t\t\t<div class=\"elementor-element elementor-element-eb49568 elementor--h-position-center elementor--v-position-middle elementor-arrows-position-inside elementor-pagination-position-inside elementor-widget elementor-widget-slides\" data-id=\"eb49568\" data-element_type=\"widget\" data-e-type=\"widget\" data-settings=\"{&quot;navigation&quot;:&quot;both&quot;,&quot;autoplay&quot;:&quot;yes&quot;,&quot;pause_on_hover&quot;:&quot;yes&quot;,&quot;pause_on_interaction&quot;:&quot;yes&quot;,&quot;autoplay_speed&quot;:5000,&quot;infinite&quot;:&quot;yes&quot;,&quot;transition&quot;:&quot;slide&quot;,&quot;transition_speed&quot;:500}\" data-widget_type=\"slides.default\">\n\t\t\t\t<div class=\"elementor-widget-container\">\n\t\t\t\t\t\t\t\t\t<div class=\"elementor-swiper\">\n\t\t\t\t\t<div class=\"elementor-slides-wrapper elementor-main-swiper swiper\" role=\"region\" aria-roledescription=\"carousel\" aria-label=\"Diapositives\" dir=\"ltr\" data-animation=\"fadeInUp\">\n\t\t\t\t<div class=\"swiper-wrapper elementor-slides\">\n\t\t\t\t\t\t\t\t\t\t<div class=\"elementor-repeater-item-f9d7db9 swiper-slide\" role=\"group\" aria-roledescription=\"slide\"><div class=\"swiper-slide-bg\" role=\"img\" aria-label=\"concert de piano au coucher de soleil \u00e0 saint-suliac\"><\/div><a class=\"swiper-slide-inner\" href=\"https:\/\/damienfleau.wordpress.com\/\" target=\"_blank\"><div class=\"swiper-slide-contents\"><div  class=\"elementor-button elementor-slide-button elementor-size-sm\">En savoir plus<\/div><\/div><\/a><\/div>\t\t\t\t<\/div>\n\t\t\t\t\t\t\t<\/div>\n\t\t\t\t<\/div>\n\t\t\t\t\t\t\t\t<\/div>\n\t\t\t\t<\/div>\n\t\t\t\t\t<\/div>\n\t\t\t\t<\/div>\n\t\t<div class=\"elementor-element elementor-element-5b7152c e-flex e-con-boxed e-con e-parent\" data-id=\"5b7152c\" data-element_type=\"container\" data-e-type=\"container\">\n\t\t\t\t\t<div class=\"e-con-inner\">\n\t\t\t\t<div class=\"elementor-element elementor-element-776d209 elementor-widget elementor-widget-spacer\" data-id=\"776d209\" data-element_type=\"widget\" data-e-type=\"widget\" data-widget_type=\"spacer.default\">\n\t\t\t\t<div class=\"elementor-widget-container\">\n\t\t\t\t\t\t\t<div class=\"elementor-spacer\">\n\t\t\t<div class=\"elementor-spacer-inner\"><\/div>\n\t\t<\/div>\n\t\t\t\t\t\t<\/div>\n\t\t\t\t<\/div>\n\t\t\t\t\t<\/div>\n\t\t\t\t<\/div>\n\t\t<div class=\"elementor-element elementor-element-38504fb e-flex e-con-boxed e-con e-parent\" data-id=\"38504fb\" data-element_type=\"container\" data-e-type=\"container\">\n\t\t\t\t\t<div class=\"e-con-inner\">\n\t\t\t\t<div class=\"elementor-element elementor-element-781dcbe elementor--h-position-center elementor--v-position-middle elementor-arrows-position-inside elementor-pagination-position-inside elementor-widget elementor-widget-slides\" data-id=\"781dcbe\" data-element_type=\"widget\" data-e-type=\"widget\" data-settings=\"{&quot;navigation&quot;:&quot;both&quot;,&quot;autoplay&quot;:&quot;yes&quot;,&quot;pause_on_hover&quot;:&quot;yes&quot;,&quot;pause_on_interaction&quot;:&quot;yes&quot;,&quot;autoplay_speed&quot;:5000,&quot;infinite&quot;:&quot;yes&quot;,&quot;transition&quot;:&quot;slide&quot;,&quot;transition_speed&quot;:500}\" data-widget_type=\"slides.default\">\n\t\t\t\t<div class=\"elementor-widget-container\">\n\t\t\t\t\t\t\t\t\t<div class=\"elementor-swiper\">\n\t\t\t\t\t<div class=\"elementor-slides-wrapper elementor-main-swiper swiper\" role=\"region\" aria-roledescription=\"carousel\" aria-label=\"Diapositives\" dir=\"ltr\" data-animation=\"fadeInUp\">\n\t\t\t\t<div class=\"swiper-wrapper elementor-slides\">\n\t\t\t\t\t\t\t\t\t\t<div class=\"elementor-repeater-item-da10cbd swiper-slide\" role=\"group\" aria-roledescription=\"slide\"><div class=\"swiper-slide-bg\" role=\"img\" aria-label=\"coucher de soleil sur la cale de saint-suliac \u00e0 mar\u00e9e basse\"><\/div><a class=\"swiper-slide-inner\" href=\"https:\/\/saintsuliac.com\/\"><div class=\"swiper-slide-contents\"><div  class=\"elementor-button elementor-slide-button elementor-size-sm\">Accueil<\/div><\/div><\/a><\/div>\t\t\t\t<\/div>\n\t\t\t\t\t\t\t<\/div>\n\t\t\t\t<\/div>\n\t\t\t\t\t\t\t\t<\/div>\n\t\t\t\t<\/div>\n\t\t\t\t\t<\/div>\n\t\t\t\t<\/div>\n\t\t\t\t<\/div>\n\t\t","protected":false},"excerpt":{"rendered":"<p>Damien Fleau Compositeur ind\u00e9pendant Multi-instrumentiste, Damien Fleau est saxophoniste et pianiste, form\u00e9 aux conservatoires de Saint-Malo, Rennes, puis Paris. Le jazz est sa premi\u00e8re inspiration musicale, viendront ensuite la musique classique et l\u2019univers cin\u00e9matographique. Depuis plus de dix ans, il compose pour l\u2019image : s\u00e9ries, films, documentaires, avec de nombreuses musiques synchronis\u00e9es. Il signe notamment [&hellip;]<\/p>\n","protected":false},"author":1,"featured_media":0,"parent":0,"menu_order":0,"comment_status":"closed","ping_status":"closed","template":"elementor_header_footer","meta":{"footnotes":""},"class_list":["post-3506","page","type-page","status-publish","hentry"],"yoast_head":"<!-- This site is optimized with the Yoast SEO plugin v27.3 - https:\/\/yoast.com\/product\/yoast-seo-wordpress\/ -->\n<title>Damien Fleau - Saint-Suliac<\/title>\n<meta name=\"description\" content=\"D\u00e9couvrez Damien Fleau, compositeur ind\u00e9pendant et multi-instrumentiste \u00e0 Saint-Suliac. Musicien passionn\u00e9 par l&#039;univers cin\u00e9matographique\" \/>\n<meta name=\"robots\" content=\"index, follow, max-snippet:-1, max-image-preview:large, max-video-preview:-1\" \/>\n<link rel=\"canonical\" href=\"https:\/\/saintsuliac.com\/index.php\/compositeur-musique-saint-suliac-damien-fleau\/\" \/>\n<meta property=\"og:locale\" content=\"fr_FR\" \/>\n<meta property=\"og:type\" content=\"article\" \/>\n<meta property=\"og:title\" content=\"Damien Fleau - Saint-Suliac\" \/>\n<meta property=\"og:description\" content=\"D\u00e9couvrez Damien Fleau, compositeur ind\u00e9pendant et multi-instrumentiste \u00e0 Saint-Suliac. Musicien passionn\u00e9 par l&#039;univers cin\u00e9matographique\" \/>\n<meta property=\"og:url\" content=\"https:\/\/saintsuliac.com\/index.php\/compositeur-musique-saint-suliac-damien-fleau\/\" \/>\n<meta property=\"og:site_name\" content=\"Saint-Suliac\" \/>\n<meta property=\"article:modified_time\" content=\"2026-02-03T10:10:25+00:00\" \/>\n<meta property=\"og:image\" content=\"https:\/\/saintsuliac.com\/wp-content\/uploads\/2025\/04\/damien-fleau.jpg\" \/>\n\t<meta property=\"og:image:width\" content=\"1792\" \/>\n\t<meta property=\"og:image:height\" content=\"1792\" \/>\n\t<meta property=\"og:image:type\" content=\"image\/jpeg\" \/>\n<meta name=\"twitter:card\" content=\"summary_large_image\" \/>\n<meta name=\"twitter:label1\" content=\"Dur\u00e9e de lecture estim\u00e9e\" \/>\n\t<meta name=\"twitter:data1\" content=\"1 minute\" \/>\n<script type=\"application\/ld+json\" class=\"yoast-schema-graph\">{\"@context\":\"https:\\\/\\\/schema.org\",\"@graph\":[{\"@type\":\"WebPage\",\"@id\":\"https:\\\/\\\/saintsuliac.com\\\/index.php\\\/compositeur-musique-saint-suliac-damien-fleau\\\/\",\"url\":\"https:\\\/\\\/saintsuliac.com\\\/index.php\\\/compositeur-musique-saint-suliac-damien-fleau\\\/\",\"name\":\"Damien Fleau - Saint-Suliac\",\"isPartOf\":{\"@id\":\"https:\\\/\\\/saintsuliac.com\\\/#website\"},\"primaryImageOfPage\":{\"@id\":\"https:\\\/\\\/saintsuliac.com\\\/index.php\\\/compositeur-musique-saint-suliac-damien-fleau\\\/#primaryimage\"},\"image\":{\"@id\":\"https:\\\/\\\/saintsuliac.com\\\/index.php\\\/compositeur-musique-saint-suliac-damien-fleau\\\/#primaryimage\"},\"thumbnailUrl\":\"https:\\\/\\\/saintsuliac.com\\\/wp-content\\\/uploads\\\/2025\\\/04\\\/damien-fleau-1024x1024.jpg\",\"datePublished\":\"2025-04-24T09:25:28+00:00\",\"dateModified\":\"2026-02-03T10:10:25+00:00\",\"description\":\"D\u00e9couvrez Damien Fleau, compositeur ind\u00e9pendant et multi-instrumentiste \u00e0 Saint-Suliac. Musicien passionn\u00e9 par l'univers cin\u00e9matographique\",\"breadcrumb\":{\"@id\":\"https:\\\/\\\/saintsuliac.com\\\/index.php\\\/compositeur-musique-saint-suliac-damien-fleau\\\/#breadcrumb\"},\"inLanguage\":\"fr-FR\",\"potentialAction\":[{\"@type\":\"ReadAction\",\"target\":[\"https:\\\/\\\/saintsuliac.com\\\/index.php\\\/compositeur-musique-saint-suliac-damien-fleau\\\/\"]}]},{\"@type\":\"ImageObject\",\"inLanguage\":\"fr-FR\",\"@id\":\"https:\\\/\\\/saintsuliac.com\\\/index.php\\\/compositeur-musique-saint-suliac-damien-fleau\\\/#primaryimage\",\"url\":\"https:\\\/\\\/saintsuliac.com\\\/wp-content\\\/uploads\\\/2025\\\/04\\\/damien-fleau.jpg\",\"contentUrl\":\"https:\\\/\\\/saintsuliac.com\\\/wp-content\\\/uploads\\\/2025\\\/04\\\/damien-fleau.jpg\",\"width\":1792,\"height\":1792},{\"@type\":\"BreadcrumbList\",\"@id\":\"https:\\\/\\\/saintsuliac.com\\\/index.php\\\/compositeur-musique-saint-suliac-damien-fleau\\\/#breadcrumb\",\"itemListElement\":[{\"@type\":\"ListItem\",\"position\":1,\"name\":\"Accueil\",\"item\":\"https:\\\/\\\/saintsuliac.com\\\/\"},{\"@type\":\"ListItem\",\"position\":2,\"name\":\"Damien Fleau\"}]},{\"@type\":\"WebSite\",\"@id\":\"https:\\\/\\\/saintsuliac.com\\\/#website\",\"url\":\"https:\\\/\\\/saintsuliac.com\\\/\",\"name\":\"Saint-Suliac\",\"description\":\"Bienvenue \u00e0 Saint-Suliac \",\"publisher\":{\"@id\":\"https:\\\/\\\/saintsuliac.com\\\/#\\\/schema\\\/person\\\/0178bfa3583e6a68b0fa113763c05f5f\"},\"potentialAction\":[{\"@type\":\"SearchAction\",\"target\":{\"@type\":\"EntryPoint\",\"urlTemplate\":\"https:\\\/\\\/saintsuliac.com\\\/?s={search_term_string}\"},\"query-input\":{\"@type\":\"PropertyValueSpecification\",\"valueRequired\":true,\"valueName\":\"search_term_string\"}}],\"inLanguage\":\"fr-FR\"},{\"@type\":[\"Person\",\"Organization\"],\"@id\":\"https:\\\/\\\/saintsuliac.com\\\/#\\\/schema\\\/person\\\/0178bfa3583e6a68b0fa113763c05f5f\",\"name\":\"Xavier P.\",\"image\":{\"@type\":\"ImageObject\",\"inLanguage\":\"fr-FR\",\"@id\":\"https:\\\/\\\/saintsuliac.com\\\/wp-content\\\/uploads\\\/2025\\\/04\\\/cropped-logo_profil_rs_couleur.jpg\",\"url\":\"https:\\\/\\\/saintsuliac.com\\\/wp-content\\\/uploads\\\/2025\\\/04\\\/cropped-logo_profil_rs_couleur.jpg\",\"contentUrl\":\"https:\\\/\\\/saintsuliac.com\\\/wp-content\\\/uploads\\\/2025\\\/04\\\/cropped-logo_profil_rs_couleur.jpg\",\"width\":1199,\"height\":1206,\"caption\":\"Xavier P.\"},\"logo\":{\"@id\":\"https:\\\/\\\/saintsuliac.com\\\/wp-content\\\/uploads\\\/2025\\\/04\\\/cropped-logo_profil_rs_couleur.jpg\"},\"sameAs\":[\"http:\\\/\\\/saintsuliac.com\"]}]}<\/script>\n<!-- \/ Yoast SEO plugin. -->","yoast_head_json":{"title":"Damien Fleau - Saint-Suliac","description":"D\u00e9couvrez Damien Fleau, compositeur ind\u00e9pendant et multi-instrumentiste \u00e0 Saint-Suliac. Musicien passionn\u00e9 par l'univers cin\u00e9matographique","robots":{"index":"index","follow":"follow","max-snippet":"max-snippet:-1","max-image-preview":"max-image-preview:large","max-video-preview":"max-video-preview:-1"},"canonical":"https:\/\/saintsuliac.com\/index.php\/compositeur-musique-saint-suliac-damien-fleau\/","og_locale":"fr_FR","og_type":"article","og_title":"Damien Fleau - Saint-Suliac","og_description":"D\u00e9couvrez Damien Fleau, compositeur ind\u00e9pendant et multi-instrumentiste \u00e0 Saint-Suliac. Musicien passionn\u00e9 par l'univers cin\u00e9matographique","og_url":"https:\/\/saintsuliac.com\/index.php\/compositeur-musique-saint-suliac-damien-fleau\/","og_site_name":"Saint-Suliac","article_modified_time":"2026-02-03T10:10:25+00:00","og_image":[{"width":1792,"height":1792,"url":"https:\/\/saintsuliac.com\/wp-content\/uploads\/2025\/04\/damien-fleau.jpg","type":"image\/jpeg"}],"twitter_card":"summary_large_image","twitter_misc":{"Dur\u00e9e de lecture estim\u00e9e":"1 minute"},"schema":{"@context":"https:\/\/schema.org","@graph":[{"@type":"WebPage","@id":"https:\/\/saintsuliac.com\/index.php\/compositeur-musique-saint-suliac-damien-fleau\/","url":"https:\/\/saintsuliac.com\/index.php\/compositeur-musique-saint-suliac-damien-fleau\/","name":"Damien Fleau - Saint-Suliac","isPartOf":{"@id":"https:\/\/saintsuliac.com\/#website"},"primaryImageOfPage":{"@id":"https:\/\/saintsuliac.com\/index.php\/compositeur-musique-saint-suliac-damien-fleau\/#primaryimage"},"image":{"@id":"https:\/\/saintsuliac.com\/index.php\/compositeur-musique-saint-suliac-damien-fleau\/#primaryimage"},"thumbnailUrl":"https:\/\/saintsuliac.com\/wp-content\/uploads\/2025\/04\/damien-fleau-1024x1024.jpg","datePublished":"2025-04-24T09:25:28+00:00","dateModified":"2026-02-03T10:10:25+00:00","description":"D\u00e9couvrez Damien Fleau, compositeur ind\u00e9pendant et multi-instrumentiste \u00e0 Saint-Suliac. Musicien passionn\u00e9 par l'univers cin\u00e9matographique","breadcrumb":{"@id":"https:\/\/saintsuliac.com\/index.php\/compositeur-musique-saint-suliac-damien-fleau\/#breadcrumb"},"inLanguage":"fr-FR","potentialAction":[{"@type":"ReadAction","target":["https:\/\/saintsuliac.com\/index.php\/compositeur-musique-saint-suliac-damien-fleau\/"]}]},{"@type":"ImageObject","inLanguage":"fr-FR","@id":"https:\/\/saintsuliac.com\/index.php\/compositeur-musique-saint-suliac-damien-fleau\/#primaryimage","url":"https:\/\/saintsuliac.com\/wp-content\/uploads\/2025\/04\/damien-fleau.jpg","contentUrl":"https:\/\/saintsuliac.com\/wp-content\/uploads\/2025\/04\/damien-fleau.jpg","width":1792,"height":1792},{"@type":"BreadcrumbList","@id":"https:\/\/saintsuliac.com\/index.php\/compositeur-musique-saint-suliac-damien-fleau\/#breadcrumb","itemListElement":[{"@type":"ListItem","position":1,"name":"Accueil","item":"https:\/\/saintsuliac.com\/"},{"@type":"ListItem","position":2,"name":"Damien Fleau"}]},{"@type":"WebSite","@id":"https:\/\/saintsuliac.com\/#website","url":"https:\/\/saintsuliac.com\/","name":"Saint-Suliac","description":"Bienvenue \u00e0 Saint-Suliac ","publisher":{"@id":"https:\/\/saintsuliac.com\/#\/schema\/person\/0178bfa3583e6a68b0fa113763c05f5f"},"potentialAction":[{"@type":"SearchAction","target":{"@type":"EntryPoint","urlTemplate":"https:\/\/saintsuliac.com\/?s={search_term_string}"},"query-input":{"@type":"PropertyValueSpecification","valueRequired":true,"valueName":"search_term_string"}}],"inLanguage":"fr-FR"},{"@type":["Person","Organization"],"@id":"https:\/\/saintsuliac.com\/#\/schema\/person\/0178bfa3583e6a68b0fa113763c05f5f","name":"Xavier P.","image":{"@type":"ImageObject","inLanguage":"fr-FR","@id":"https:\/\/saintsuliac.com\/wp-content\/uploads\/2025\/04\/cropped-logo_profil_rs_couleur.jpg","url":"https:\/\/saintsuliac.com\/wp-content\/uploads\/2025\/04\/cropped-logo_profil_rs_couleur.jpg","contentUrl":"https:\/\/saintsuliac.com\/wp-content\/uploads\/2025\/04\/cropped-logo_profil_rs_couleur.jpg","width":1199,"height":1206,"caption":"Xavier P."},"logo":{"@id":"https:\/\/saintsuliac.com\/wp-content\/uploads\/2025\/04\/cropped-logo_profil_rs_couleur.jpg"},"sameAs":["http:\/\/saintsuliac.com"]}]}},"_links":{"self":[{"href":"https:\/\/saintsuliac.com\/index.php\/wp-json\/wp\/v2\/pages\/3506","targetHints":{"allow":["GET"]}}],"collection":[{"href":"https:\/\/saintsuliac.com\/index.php\/wp-json\/wp\/v2\/pages"}],"about":[{"href":"https:\/\/saintsuliac.com\/index.php\/wp-json\/wp\/v2\/types\/page"}],"author":[{"embeddable":true,"href":"https:\/\/saintsuliac.com\/index.php\/wp-json\/wp\/v2\/users\/1"}],"replies":[{"embeddable":true,"href":"https:\/\/saintsuliac.com\/index.php\/wp-json\/wp\/v2\/comments?post=3506"}],"version-history":[{"count":61,"href":"https:\/\/saintsuliac.com\/index.php\/wp-json\/wp\/v2\/pages\/3506\/revisions"}],"predecessor-version":[{"id":6105,"href":"https:\/\/saintsuliac.com\/index.php\/wp-json\/wp\/v2\/pages\/3506\/revisions\/6105"}],"wp:attachment":[{"href":"https:\/\/saintsuliac.com\/index.php\/wp-json\/wp\/v2\/media?parent=3506"}],"curies":[{"name":"wp","href":"https:\/\/api.w.org\/{rel}","templated":true}]}}