{"id":2075,"date":"2025-03-14T13:39:48","date_gmt":"2025-03-14T12:39:48","guid":{"rendered":"https:\/\/saintsuliac.com\/?page_id=2075"},"modified":"2025-08-28T10:46:35","modified_gmt":"2025-08-28T08:46:35","slug":"faq","status":"publish","type":"page","link":"https:\/\/saintsuliac.com\/index.php\/faq\/","title":{"rendered":"FAQ"},"content":{"rendered":"\t\t<div data-elementor-type=\"wp-page\" data-elementor-id=\"2075\" class=\"elementor elementor-2075\" data-elementor-post-type=\"page\">\n\t\t\t\t<div class=\"elementor-element elementor-element-2a799cb e-flex e-con-boxed e-con e-parent\" data-id=\"2a799cb\" data-element_type=\"container\" data-e-type=\"container\">\n\t\t\t\t\t<div class=\"e-con-inner\">\n\t\t\t\t<div class=\"elementor-element elementor-element-eafb933 elementor-widget elementor-widget-heading\" data-id=\"eafb933\" data-element_type=\"widget\" data-e-type=\"widget\" data-widget_type=\"heading.default\">\n\t\t\t\t<div class=\"elementor-widget-container\">\n\t\t\t\t\t<h2 class=\"elementor-heading-title elementor-size-default\">FOIRE AUX QUESTIONS<\/h2>\t\t\t\t<\/div>\n\t\t\t\t<\/div>\n\t\t\t\t\t<\/div>\n\t\t\t\t<\/div>\n\t\t<div class=\"elementor-element elementor-element-575dfee e-flex e-con-boxed e-con e-parent\" data-id=\"575dfee\" data-element_type=\"container\" data-e-type=\"container\">\n\t\t\t\t\t<div class=\"e-con-inner\">\n\t\t\t\t<div class=\"elementor-element elementor-element-1855650 elementor-widget elementor-widget-spacer\" data-id=\"1855650\" data-element_type=\"widget\" data-e-type=\"widget\" data-widget_type=\"spacer.default\">\n\t\t\t\t<div class=\"elementor-widget-container\">\n\t\t\t\t\t\t\t<div class=\"elementor-spacer\">\n\t\t\t<div class=\"elementor-spacer-inner\"><\/div>\n\t\t<\/div>\n\t\t\t\t\t\t<\/div>\n\t\t\t\t<\/div>\n\t\t\t\t\t<\/div>\n\t\t\t\t<\/div>\n\t\t<div class=\"elementor-element elementor-element-2931227 e-flex e-con-boxed e-con e-parent\" data-id=\"2931227\" data-element_type=\"container\" data-e-type=\"container\">\n\t\t\t\t\t<div class=\"e-con-inner\">\n\t\t\t\t<div class=\"elementor-element elementor-element-e0e9c7d elementor-widget elementor-widget-heading\" data-id=\"e0e9c7d\" data-element_type=\"widget\" data-e-type=\"widget\" data-widget_type=\"heading.default\">\n\t\t\t\t<div class=\"elementor-widget-container\">\n\t\t\t\t\t<h2 class=\"elementor-heading-title elementor-size-default\">Comment visiter Saint-Suliac ? <\/h2>\t\t\t\t<\/div>\n\t\t\t\t<\/div>\n\t\t\t\t\t<\/div>\n\t\t\t\t<\/div>\n\t\t<div class=\"elementor-element elementor-element-4a6902a e-flex e-con-boxed e-con e-parent\" data-id=\"4a6902a\" data-element_type=\"container\" data-e-type=\"container\">\n\t\t\t\t\t<div class=\"e-con-inner\">\n\t\t\t\t<div class=\"elementor-element elementor-element-6e9645e elementor-widget elementor-widget-text-editor\" data-id=\"6e9645e\" data-element_type=\"widget\" data-e-type=\"widget\" data-widget_type=\"text-editor.default\">\n\t\t\t\t<div class=\"elementor-widget-container\">\n\t\t\t\t\t\t\t\t\t<p>L&rsquo;association du Patrimoine propose des visites guid\u00e9es d&rsquo;une dur\u00e9e d&rsquo;environ 1h30. Votre aventure commencera d\u00e8s le VI\u1d49 si\u00e8cle. Les fonds r\u00e9colt\u00e9s lors de ces visites sont d\u00e9di\u00e9s \u00e0 la r\u00e9novation de l&rsquo;\u00e9glise du XIII\u1d49 si\u00e8cle. <\/p>\t\t\t\t\t\t\t\t<\/div>\n\t\t\t\t<\/div>\n\t\t\t\t\t<\/div>\n\t\t\t\t<\/div>\n\t\t<div class=\"elementor-element elementor-element-aa7f211 e-flex e-con-boxed e-con e-parent\" data-id=\"aa7f211\" data-element_type=\"container\" data-e-type=\"container\">\n\t\t\t\t\t<div class=\"e-con-inner\">\n\t\t\t\t<div class=\"elementor-element elementor-element-3711d59 elementor-widget elementor-widget-spacer\" data-id=\"3711d59\" data-element_type=\"widget\" data-e-type=\"widget\" data-widget_type=\"spacer.default\">\n\t\t\t\t<div class=\"elementor-widget-container\">\n\t\t\t\t\t\t\t<div class=\"elementor-spacer\">\n\t\t\t<div class=\"elementor-spacer-inner\"><\/div>\n\t\t<\/div>\n\t\t\t\t\t\t<\/div>\n\t\t\t\t<\/div>\n\t\t\t\t\t<\/div>\n\t\t\t\t<\/div>\n\t\t<div class=\"elementor-element elementor-element-0447c87 e-flex e-con-boxed e-con e-parent\" data-id=\"0447c87\" data-element_type=\"container\" data-e-type=\"container\">\n\t\t\t\t\t<div class=\"e-con-inner\">\n\t\t\t\t<div class=\"elementor-element elementor-element-ecfe0b8 elementor-widget elementor-widget-heading\" data-id=\"ecfe0b8\" data-element_type=\"widget\" data-e-type=\"widget\" data-widget_type=\"heading.default\">\n\t\t\t\t<div class=\"elementor-widget-container\">\n\t\t\t\t\t<h2 class=\"elementor-heading-title elementor-size-default\">Quelles activit\u00e9s peut-on pratiquer \u00e0 Saint-Suliac ?<\/h2>\t\t\t\t<\/div>\n\t\t\t\t<\/div>\n\t\t\t\t\t<\/div>\n\t\t\t\t<\/div>\n\t\t<div class=\"elementor-element elementor-element-f5db734 e-flex e-con-boxed e-con e-parent\" data-id=\"f5db734\" data-element_type=\"container\" data-e-type=\"container\">\n\t\t\t\t\t<div class=\"e-con-inner\">\n\t\t\t\t<div class=\"elementor-element elementor-element-8ef079d elementor-widget elementor-widget-text-editor\" data-id=\"8ef079d\" data-element_type=\"widget\" data-e-type=\"widget\" data-widget_type=\"text-editor.default\">\n\t\t\t\t<div class=\"elementor-widget-container\">\n\t\t\t\t\t\t\t\t\t<p>Les visiteurs peuvent profiter de nombreuses activit\u00e9s \u00e0 Saint-Suliac, notamment des randonn\u00e9es sur les sentiers c\u00f4tiers, la d\u00e9couverte du patrimoine historique, et assister aux nombreuses activit\u00e9s propos\u00e9es par nos multiples associations. <\/p>\t\t\t\t\t\t\t\t<\/div>\n\t\t\t\t<\/div>\n\t\t\t\t\t<\/div>\n\t\t\t\t<\/div>\n\t\t<div class=\"elementor-element elementor-element-f273ae1 e-flex e-con-boxed e-con e-parent\" data-id=\"f273ae1\" data-element_type=\"container\" data-e-type=\"container\">\n\t\t\t\t\t<div class=\"e-con-inner\">\n\t\t\t\t<div class=\"elementor-element elementor-element-058b123 elementor-widget elementor-widget-spacer\" data-id=\"058b123\" data-element_type=\"widget\" data-e-type=\"widget\" data-widget_type=\"spacer.default\">\n\t\t\t\t<div class=\"elementor-widget-container\">\n\t\t\t\t\t\t\t<div class=\"elementor-spacer\">\n\t\t\t<div class=\"elementor-spacer-inner\"><\/div>\n\t\t<\/div>\n\t\t\t\t\t\t<\/div>\n\t\t\t\t<\/div>\n\t\t\t\t\t<\/div>\n\t\t\t\t<\/div>\n\t\t<div class=\"elementor-element elementor-element-e490ece e-flex e-con-boxed e-con e-parent\" data-id=\"e490ece\" data-element_type=\"container\" data-e-type=\"container\">\n\t\t\t\t\t<div class=\"e-con-inner\">\n\t\t\t\t<div class=\"elementor-element elementor-element-048030d elementor-widget elementor-widget-heading\" data-id=\"048030d\" data-element_type=\"widget\" data-e-type=\"widget\" data-widget_type=\"heading.default\">\n\t\t\t\t<div class=\"elementor-widget-container\">\n\t\t\t\t\t<h2 class=\"elementor-heading-title elementor-size-default\">Quels sont les grands temps forts qui rythment la vie \u00e0 Saint-Suliac ? <\/h2>\t\t\t\t<\/div>\n\t\t\t\t<\/div>\n\t\t\t\t\t<\/div>\n\t\t\t\t<\/div>\n\t\t<div class=\"elementor-element elementor-element-fc3e3bd e-flex e-con-boxed e-con e-parent\" data-id=\"fc3e3bd\" data-element_type=\"container\" data-e-type=\"container\">\n\t\t\t\t\t<div class=\"e-con-inner\">\n\t\t\t\t<div class=\"elementor-element elementor-element-826c2ae elementor-widget elementor-widget-text-editor\" data-id=\"826c2ae\" data-element_type=\"widget\" data-e-type=\"widget\" data-widget_type=\"text-editor.default\">\n\t\t\t\t<div class=\"elementor-widget-container\">\n\t\t\t\t\t\t\t\t\t<p>Gr\u00e2ce au travail r\u00e9alis\u00e9 par nos associations, Saint-Suliac propose des \u00e9v\u00e8nements tout au long de l&rsquo;ann\u00e9e dont font par exemple partie le Festival de peinture ouvert \u00e0 tous, des concerts tous les mardis de l&rsquo;\u00e9t\u00e9 sur le quai de la Rance, la f\u00eate de la Saint-Jean, des concerts au coeur de l&rsquo;\u00e9glise, la course des Terre-Neuvas, la f\u00eate de Saint-Suliac Entre Terre et Mer, la f\u00eate des Copeaux, les Journ\u00e9es du Patrimoine, le march\u00e9 de No\u00ebl etc&#8230; retrouvez plus d&rsquo;informations juste <a href=\"https:\/\/saintsuliac.com\/index.php\/associations\/\">ICI<\/a><\/p>\t\t\t\t\t\t\t\t<\/div>\n\t\t\t\t<\/div>\n\t\t\t\t\t<\/div>\n\t\t\t\t<\/div>\n\t\t<div class=\"elementor-element elementor-element-738beae e-flex e-con-boxed e-con e-parent\" data-id=\"738beae\" data-element_type=\"container\" data-e-type=\"container\">\n\t\t\t\t\t<div class=\"e-con-inner\">\n\t\t\t\t<div class=\"elementor-element elementor-element-1ce65e0 elementor-widget elementor-widget-spacer\" data-id=\"1ce65e0\" data-element_type=\"widget\" data-e-type=\"widget\" data-widget_type=\"spacer.default\">\n\t\t\t\t<div class=\"elementor-widget-container\">\n\t\t\t\t\t\t\t<div class=\"elementor-spacer\">\n\t\t\t<div class=\"elementor-spacer-inner\"><\/div>\n\t\t<\/div>\n\t\t\t\t\t\t<\/div>\n\t\t\t\t<\/div>\n\t\t\t\t\t<\/div>\n\t\t\t\t<\/div>\n\t\t<div class=\"elementor-element elementor-element-8e1d880 e-flex e-con-boxed e-con e-parent\" data-id=\"8e1d880\" data-element_type=\"container\" data-e-type=\"container\">\n\t\t\t\t\t<div class=\"e-con-inner\">\n\t\t\t\t<div class=\"elementor-element elementor-element-31f9d91 elementor-widget elementor-widget-heading\" data-id=\"31f9d91\" data-element_type=\"widget\" data-e-type=\"widget\" data-widget_type=\"heading.default\">\n\t\t\t\t<div class=\"elementor-widget-container\">\n\t\t\t\t\t<h2 class=\"elementor-heading-title elementor-size-default\">O\u00f9 puis je trouver des informations compl\u00e9mentaires sur Saint-Suliac ? <\/h2>\t\t\t\t<\/div>\n\t\t\t\t<\/div>\n\t\t\t\t\t<\/div>\n\t\t\t\t<\/div>\n\t\t<div class=\"elementor-element elementor-element-707c459 e-flex e-con-boxed e-con e-parent\" data-id=\"707c459\" data-element_type=\"container\" data-e-type=\"container\">\n\t\t\t\t\t<div class=\"e-con-inner\">\n\t\t\t\t<div class=\"elementor-element elementor-element-f5e70f3 elementor-widget elementor-widget-text-editor\" data-id=\"f5e70f3\" data-element_type=\"widget\" data-e-type=\"widget\" data-widget_type=\"text-editor.default\">\n\t\t\t\t<div class=\"elementor-widget-container\">\n\t\t\t\t\t\t\t\t\t<p>Pour plus d&rsquo;informations, vous pouvez consulter le site officiel de la commune : <a href=\"https:\/\/www.saint-suliac.fr\" target=\"_new\" rel=\"noopener\" data-start=\"2743\" data-end=\"2793\">www.saint-suliac.fr<\/a><\/p>\t\t\t\t\t\t\t\t<\/div>\n\t\t\t\t<\/div>\n\t\t\t\t\t<\/div>\n\t\t\t\t<\/div>\n\t\t<div class=\"elementor-element elementor-element-3188f56 e-flex e-con-boxed e-con e-parent\" data-id=\"3188f56\" data-element_type=\"container\" data-e-type=\"container\">\n\t\t\t\t\t<div class=\"e-con-inner\">\n\t\t\t\t\t<\/div>\n\t\t\t\t<\/div>\n\t\t<div class=\"elementor-element elementor-element-a143df5 e-flex e-con-boxed e-con e-parent\" data-id=\"a143df5\" data-element_type=\"container\" data-e-type=\"container\">\n\t\t\t\t\t<div class=\"e-con-inner\">\n\t\t\t\t<div class=\"elementor-element elementor-element-5752d61 elementor--h-position-center elementor--v-position-middle elementor-arrows-position-inside elementor-pagination-position-inside elementor-widget elementor-widget-slides\" data-id=\"5752d61\" data-element_type=\"widget\" data-e-type=\"widget\" data-settings=\"{&quot;navigation&quot;:&quot;both&quot;,&quot;autoplay&quot;:&quot;yes&quot;,&quot;pause_on_hover&quot;:&quot;yes&quot;,&quot;pause_on_interaction&quot;:&quot;yes&quot;,&quot;autoplay_speed&quot;:5000,&quot;infinite&quot;:&quot;yes&quot;,&quot;transition&quot;:&quot;slide&quot;,&quot;transition_speed&quot;:500}\" data-widget_type=\"slides.default\">\n\t\t\t\t<div class=\"elementor-widget-container\">\n\t\t\t\t\t\t\t\t\t<div class=\"elementor-swiper\">\n\t\t\t\t\t<div class=\"elementor-slides-wrapper elementor-main-swiper swiper\" role=\"region\" aria-roledescription=\"carousel\" aria-label=\"Diapositives\" dir=\"ltr\" data-animation=\"fadeInUp\">\n\t\t\t\t<div class=\"swiper-wrapper elementor-slides\">\n\t\t\t\t\t\t\t\t\t\t<div class=\"elementor-repeater-item-582aa77 swiper-slide\" role=\"group\" aria-roledescription=\"slide\"><div class=\"swiper-slide-bg\" role=\"img\" aria-label=\"coucher de soleil sur la cale de saint-suliac \u00e0 mar\u00e9e basse\"><\/div><a class=\"swiper-slide-inner\" href=\"https:\/\/saintsuliac.com\/\"><div class=\"swiper-slide-contents\"><div  class=\"elementor-button elementor-slide-button elementor-size-sm\">ACCUEIL<\/div><\/div><\/a><\/div>\t\t\t\t<\/div>\n\t\t\t\t\t\t\t<\/div>\n\t\t\t\t<\/div>\n\t\t\t\t\t\t\t\t<\/div>\n\t\t\t\t<\/div>\n\t\t\t\t\t<\/div>\n\t\t\t\t<\/div>\n\t\t\t\t<\/div>\n\t\t","protected":false},"excerpt":{"rendered":"<p>FOIRE AUX QUESTIONS Comment visiter Saint-Suliac ? L&rsquo;association du Patrimoine propose des visites guid\u00e9es d&rsquo;une dur\u00e9e d&rsquo;environ 1h30. Votre aventure commencera d\u00e8s le VI\u1d49 si\u00e8cle. Les fonds r\u00e9colt\u00e9s lors de ces visites sont d\u00e9di\u00e9s \u00e0 la r\u00e9novation de l&rsquo;\u00e9glise du XIII\u1d49 si\u00e8cle. Quelles activit\u00e9s peut-on pratiquer \u00e0 Saint-Suliac ? Les visiteurs peuvent profiter de nombreuses [&hellip;]<\/p>\n","protected":false},"author":1,"featured_media":0,"parent":0,"menu_order":0,"comment_status":"closed","ping_status":"closed","template":"elementor_header_footer","meta":{"footnotes":""},"class_list":["post-2075","page","type-page","status-publish","hentry"],"yoast_head":"<!-- This site is optimized with the Yoast SEO plugin v27.4 - https:\/\/yoast.com\/product\/yoast-seo-wordpress\/ -->\n<title>FAQ - Saint-Suliac<\/title>\n<meta name=\"description\" content=\"Vous avez des questions sur Saint-Suliac, voici quelques r\u00e9ponses, et n&#039;h\u00e9sitez pas \u00e0 nous contacter directement\" \/>\n<meta name=\"robots\" content=\"index, follow, max-snippet:-1, max-image-preview:large, max-video-preview:-1\" \/>\n<link rel=\"canonical\" href=\"https:\/\/saintsuliac.com\/index.php\/faq\/\" \/>\n<meta property=\"og:locale\" content=\"fr_FR\" \/>\n<meta property=\"og:type\" content=\"article\" \/>\n<meta property=\"og:title\" content=\"FAQ - Saint-Suliac\" \/>\n<meta property=\"og:description\" content=\"Vous avez des questions sur Saint-Suliac, voici quelques r\u00e9ponses, et n&#039;h\u00e9sitez pas \u00e0 nous contacter directement\" \/>\n<meta property=\"og:url\" content=\"https:\/\/saintsuliac.com\/index.php\/faq\/\" \/>\n<meta property=\"og:site_name\" content=\"Saint-Suliac\" \/>\n<meta property=\"article:modified_time\" content=\"2025-08-28T08:46:35+00:00\" \/>\n<meta name=\"twitter:card\" content=\"summary_large_image\" \/>\n<meta name=\"twitter:label1\" content=\"Dur\u00e9e de lecture estim\u00e9e\" \/>\n\t<meta name=\"twitter:data1\" content=\"1 minute\" \/>\n<script type=\"application\/ld+json\" class=\"yoast-schema-graph\">{\"@context\":\"https:\\\/\\\/schema.org\",\"@graph\":[{\"@type\":\"WebPage\",\"@id\":\"https:\\\/\\\/saintsuliac.com\\\/index.php\\\/faq\\\/\",\"url\":\"https:\\\/\\\/saintsuliac.com\\\/index.php\\\/faq\\\/\",\"name\":\"FAQ - Saint-Suliac\",\"isPartOf\":{\"@id\":\"https:\\\/\\\/saintsuliac.com\\\/#website\"},\"datePublished\":\"2025-03-14T12:39:48+00:00\",\"dateModified\":\"2025-08-28T08:46:35+00:00\",\"description\":\"Vous avez des questions sur Saint-Suliac, voici quelques r\u00e9ponses, et n'h\u00e9sitez pas \u00e0 nous contacter directement\",\"breadcrumb\":{\"@id\":\"https:\\\/\\\/saintsuliac.com\\\/index.php\\\/faq\\\/#breadcrumb\"},\"inLanguage\":\"fr-FR\",\"potentialAction\":[{\"@type\":\"ReadAction\",\"target\":[\"https:\\\/\\\/saintsuliac.com\\\/index.php\\\/faq\\\/\"]}]},{\"@type\":\"BreadcrumbList\",\"@id\":\"https:\\\/\\\/saintsuliac.com\\\/index.php\\\/faq\\\/#breadcrumb\",\"itemListElement\":[{\"@type\":\"ListItem\",\"position\":1,\"name\":\"Accueil\",\"item\":\"https:\\\/\\\/saintsuliac.com\\\/\"},{\"@type\":\"ListItem\",\"position\":2,\"name\":\"FAQ\"}]},{\"@type\":\"WebSite\",\"@id\":\"https:\\\/\\\/saintsuliac.com\\\/#website\",\"url\":\"https:\\\/\\\/saintsuliac.com\\\/\",\"name\":\"Saint-Suliac\",\"description\":\"Bienvenue \u00e0 Saint-Suliac \",\"publisher\":{\"@id\":\"https:\\\/\\\/saintsuliac.com\\\/#\\\/schema\\\/person\\\/0178bfa3583e6a68b0fa113763c05f5f\"},\"potentialAction\":[{\"@type\":\"SearchAction\",\"target\":{\"@type\":\"EntryPoint\",\"urlTemplate\":\"https:\\\/\\\/saintsuliac.com\\\/?s={search_term_string}\"},\"query-input\":{\"@type\":\"PropertyValueSpecification\",\"valueRequired\":true,\"valueName\":\"search_term_string\"}}],\"inLanguage\":\"fr-FR\"},{\"@type\":[\"Person\",\"Organization\"],\"@id\":\"https:\\\/\\\/saintsuliac.com\\\/#\\\/schema\\\/person\\\/0178bfa3583e6a68b0fa113763c05f5f\",\"name\":\"Xavier P.\",\"image\":{\"@type\":\"ImageObject\",\"inLanguage\":\"fr-FR\",\"@id\":\"https:\\\/\\\/saintsuliac.com\\\/wp-content\\\/uploads\\\/2025\\\/04\\\/cropped-logo_profil_rs_couleur.jpg\",\"url\":\"https:\\\/\\\/saintsuliac.com\\\/wp-content\\\/uploads\\\/2025\\\/04\\\/cropped-logo_profil_rs_couleur.jpg\",\"contentUrl\":\"https:\\\/\\\/saintsuliac.com\\\/wp-content\\\/uploads\\\/2025\\\/04\\\/cropped-logo_profil_rs_couleur.jpg\",\"width\":1199,\"height\":1206,\"caption\":\"Xavier P.\"},\"logo\":{\"@id\":\"https:\\\/\\\/saintsuliac.com\\\/wp-content\\\/uploads\\\/2025\\\/04\\\/cropped-logo_profil_rs_couleur.jpg\"},\"sameAs\":[\"http:\\\/\\\/saintsuliac.com\"]}]}<\/script>\n<!-- \/ Yoast SEO plugin. -->","yoast_head_json":{"title":"FAQ - Saint-Suliac","description":"Vous avez des questions sur Saint-Suliac, voici quelques r\u00e9ponses, et n'h\u00e9sitez pas \u00e0 nous contacter directement","robots":{"index":"index","follow":"follow","max-snippet":"max-snippet:-1","max-image-preview":"max-image-preview:large","max-video-preview":"max-video-preview:-1"},"canonical":"https:\/\/saintsuliac.com\/index.php\/faq\/","og_locale":"fr_FR","og_type":"article","og_title":"FAQ - Saint-Suliac","og_description":"Vous avez des questions sur Saint-Suliac, voici quelques r\u00e9ponses, et n'h\u00e9sitez pas \u00e0 nous contacter directement","og_url":"https:\/\/saintsuliac.com\/index.php\/faq\/","og_site_name":"Saint-Suliac","article_modified_time":"2025-08-28T08:46:35+00:00","twitter_card":"summary_large_image","twitter_misc":{"Dur\u00e9e de lecture estim\u00e9e":"1 minute"},"schema":{"@context":"https:\/\/schema.org","@graph":[{"@type":"WebPage","@id":"https:\/\/saintsuliac.com\/index.php\/faq\/","url":"https:\/\/saintsuliac.com\/index.php\/faq\/","name":"FAQ - Saint-Suliac","isPartOf":{"@id":"https:\/\/saintsuliac.com\/#website"},"datePublished":"2025-03-14T12:39:48+00:00","dateModified":"2025-08-28T08:46:35+00:00","description":"Vous avez des questions sur Saint-Suliac, voici quelques r\u00e9ponses, et n'h\u00e9sitez pas \u00e0 nous contacter directement","breadcrumb":{"@id":"https:\/\/saintsuliac.com\/index.php\/faq\/#breadcrumb"},"inLanguage":"fr-FR","potentialAction":[{"@type":"ReadAction","target":["https:\/\/saintsuliac.com\/index.php\/faq\/"]}]},{"@type":"BreadcrumbList","@id":"https:\/\/saintsuliac.com\/index.php\/faq\/#breadcrumb","itemListElement":[{"@type":"ListItem","position":1,"name":"Accueil","item":"https:\/\/saintsuliac.com\/"},{"@type":"ListItem","position":2,"name":"FAQ"}]},{"@type":"WebSite","@id":"https:\/\/saintsuliac.com\/#website","url":"https:\/\/saintsuliac.com\/","name":"Saint-Suliac","description":"Bienvenue \u00e0 Saint-Suliac ","publisher":{"@id":"https:\/\/saintsuliac.com\/#\/schema\/person\/0178bfa3583e6a68b0fa113763c05f5f"},"potentialAction":[{"@type":"SearchAction","target":{"@type":"EntryPoint","urlTemplate":"https:\/\/saintsuliac.com\/?s={search_term_string}"},"query-input":{"@type":"PropertyValueSpecification","valueRequired":true,"valueName":"search_term_string"}}],"inLanguage":"fr-FR"},{"@type":["Person","Organization"],"@id":"https:\/\/saintsuliac.com\/#\/schema\/person\/0178bfa3583e6a68b0fa113763c05f5f","name":"Xavier P.","image":{"@type":"ImageObject","inLanguage":"fr-FR","@id":"https:\/\/saintsuliac.com\/wp-content\/uploads\/2025\/04\/cropped-logo_profil_rs_couleur.jpg","url":"https:\/\/saintsuliac.com\/wp-content\/uploads\/2025\/04\/cropped-logo_profil_rs_couleur.jpg","contentUrl":"https:\/\/saintsuliac.com\/wp-content\/uploads\/2025\/04\/cropped-logo_profil_rs_couleur.jpg","width":1199,"height":1206,"caption":"Xavier P."},"logo":{"@id":"https:\/\/saintsuliac.com\/wp-content\/uploads\/2025\/04\/cropped-logo_profil_rs_couleur.jpg"},"sameAs":["http:\/\/saintsuliac.com"]}]}},"_links":{"self":[{"href":"https:\/\/saintsuliac.com\/index.php\/wp-json\/wp\/v2\/pages\/2075","targetHints":{"allow":["GET"]}}],"collection":[{"href":"https:\/\/saintsuliac.com\/index.php\/wp-json\/wp\/v2\/pages"}],"about":[{"href":"https:\/\/saintsuliac.com\/index.php\/wp-json\/wp\/v2\/types\/page"}],"author":[{"embeddable":true,"href":"https:\/\/saintsuliac.com\/index.php\/wp-json\/wp\/v2\/users\/1"}],"replies":[{"embeddable":true,"href":"https:\/\/saintsuliac.com\/index.php\/wp-json\/wp\/v2\/comments?post=2075"}],"version-history":[{"count":85,"href":"https:\/\/saintsuliac.com\/index.php\/wp-json\/wp\/v2\/pages\/2075\/revisions"}],"predecessor-version":[{"id":5560,"href":"https:\/\/saintsuliac.com\/index.php\/wp-json\/wp\/v2\/pages\/2075\/revisions\/5560"}],"wp:attachment":[{"href":"https:\/\/saintsuliac.com\/index.php\/wp-json\/wp\/v2\/media?parent=2075"}],"curies":[{"name":"wp","href":"https:\/\/api.w.org\/{rel}","templated":true}]}}