{"id":1773,"date":"2025-03-10T15:38:43","date_gmt":"2025-03-10T14:38:43","guid":{"rendered":"https:\/\/saintsuliac.com\/?page_id=1773"},"modified":"2026-02-03T19:46:00","modified_gmt":"2026-02-03T18:46:00","slug":"course-running-saint-suliac","status":"publish","type":"page","link":"https:\/\/saintsuliac.com\/index.php\/course-running-saint-suliac\/","title":{"rendered":"Les Foul\u00e9es Sulia\u00e7aises"},"content":{"rendered":"\t\t<div data-elementor-type=\"wp-page\" data-elementor-id=\"1773\" class=\"elementor elementor-1773\" data-elementor-post-type=\"page\">\n\t\t\t\t<div class=\"elementor-element elementor-element-6e31987 e-flex e-con-boxed e-con e-parent\" data-id=\"6e31987\" data-element_type=\"container\" data-e-type=\"container\">\n\t\t\t\t\t<div class=\"e-con-inner\">\n\t\t\t\t<div class=\"elementor-element elementor-element-4372f26 elementor-widget elementor-widget-heading\" data-id=\"4372f26\" data-element_type=\"widget\" data-e-type=\"widget\" data-widget_type=\"heading.default\">\n\t\t\t\t<div class=\"elementor-widget-container\">\n\t\t\t\t\t<h2 class=\"elementor-heading-title elementor-size-default\">Les Foul\u00e9es Sulia\u00e7aises<\/h2>\t\t\t\t<\/div>\n\t\t\t\t<\/div>\n\t\t\t\t\t<\/div>\n\t\t\t\t<\/div>\n\t\t<div class=\"elementor-element elementor-element-b726400 e-flex e-con-boxed e-con e-parent\" data-id=\"b726400\" data-element_type=\"container\" data-e-type=\"container\">\n\t\t\t\t\t<div class=\"e-con-inner\">\n\t\t\t\t<div class=\"elementor-element elementor-element-6450c2b elementor-widget elementor-widget-text-editor\" data-id=\"6450c2b\" data-element_type=\"widget\" data-e-type=\"widget\" data-widget_type=\"text-editor.default\">\n\t\t\t\t<div class=\"elementor-widget-container\">\n\t\t\t\t\t\t\t\t\t<p>L&rsquo;association se retrouve tous les dimanches matin \u00e0 10h au Stade de Saint-Suliac pour un running d&rsquo;environ 10km.<\/p><p>Chaque ann\u00e9e ils organisent la d\u00e9sormais mythiqe Course des Terre-Neuvas, g\u00e9n\u00e9ralement en Mai, et ce au d\u00e9part de Saint-Suliac. Ci-dessous vous trouverez plus d&rsquo;informations ainsi qu&rsquo;un lien pour vous inscrire \u00e0 la course, mais \u00e9galement contacter l&rsquo;association si vous souhaitez participer au running hebdomadaire.<\/p>\t\t\t\t\t\t\t\t<\/div>\n\t\t\t\t<\/div>\n\t\t\t\t\t<\/div>\n\t\t\t\t<\/div>\n\t\t<div class=\"elementor-element elementor-element-ec73548 e-flex e-con-boxed e-con e-parent\" data-id=\"ec73548\" data-element_type=\"container\" data-e-type=\"container\">\n\t\t\t\t\t<div class=\"e-con-inner\">\n\t\t\t\t<div class=\"elementor-element elementor-element-e583e81 elementor-widget elementor-widget-heading\" data-id=\"e583e81\" data-element_type=\"widget\" data-e-type=\"widget\" data-widget_type=\"heading.default\">\n\t\t\t\t<div class=\"elementor-widget-container\">\n\t\t\t\t\t<h2 class=\"elementor-heading-title elementor-size-default\">La course des Terre-Neuvas<\/h2>\t\t\t\t<\/div>\n\t\t\t\t<\/div>\n\t\t\t\t\t<\/div>\n\t\t\t\t<\/div>\n\t\t<div class=\"elementor-element elementor-element-6a013a5 e-flex e-con-boxed e-con e-parent\" data-id=\"6a013a5\" data-element_type=\"container\" data-e-type=\"container\">\n\t\t\t\t\t<div class=\"e-con-inner\">\n\t\t<div class=\"elementor-element elementor-element-13564de e-con-full e-flex e-con e-child\" data-id=\"13564de\" data-element_type=\"container\" data-e-type=\"container\">\n\t\t\t\t<div class=\"elementor-element elementor-element-087ca7d elementor-widget elementor-widget-image\" data-id=\"087ca7d\" data-element_type=\"widget\" data-e-type=\"widget\" data-widget_type=\"image.default\">\n\t\t\t\t<div class=\"elementor-widget-container\">\n\t\t\t\t\t\t\t\t\t\t\t\t\t\t\t<img fetchpriority=\"high\" decoding=\"async\" width=\"424\" height=\"600\" src=\"https:\/\/saintsuliac.com\/wp-content\/uploads\/2025\/03\/poster-4523-20250128T091756.jpeg\" class=\"attachment-large size-large wp-image-1795\" alt=\"affiche de la course des terre neuvas \u00e0 saint-suliac\" srcset=\"https:\/\/saintsuliac.com\/wp-content\/uploads\/2025\/03\/poster-4523-20250128T091756.jpeg 424w, https:\/\/saintsuliac.com\/wp-content\/uploads\/2025\/03\/poster-4523-20250128T091756-212x300.jpeg 212w\" sizes=\"(max-width: 424px) 100vw, 424px\" \/>\t\t\t\t\t\t\t\t\t\t\t\t\t\t\t<\/div>\n\t\t\t\t<\/div>\n\t\t\t\t<\/div>\n\t\t<div class=\"elementor-element elementor-element-d52c66d e-con-full e-flex e-con e-child\" data-id=\"d52c66d\" data-element_type=\"container\" data-e-type=\"container\">\n\t\t\t\t<div class=\"elementor-element elementor-element-93c28c7 elementor-widget elementor-widget-text-editor\" data-id=\"93c28c7\" data-element_type=\"widget\" data-e-type=\"widget\" data-widget_type=\"text-editor.default\">\n\t\t\t\t<div class=\"elementor-widget-container\">\n\t\t\t\t\t\t\t\t\t<p>Organis\u00e9e par l&rsquo;association Les Foul\u00e9es Sulia\u00e7aises, la course des Terre-Neuvas part du quai de Saint-Suliac, et \u00e0 travers un parcours en pleine nature de 11 km, vous permet de d\u00e9couvrir les alentours de ce village.<\/p><p>Avant le d\u00e9part il y a un \u00e9chauffement collectif, et tout au long de la course vous serez support\u00e9 par la foule des grands jours, \u00e0 en faire p\u00e2lir les organisateurs du Tour de France.<\/p><p>Mont\u00e9es et descentes (plus de 286 m\u00e8tres de d\u00e9nivel\u00e9, chemins c\u00f4tiers, passages sur la plage, travers\u00e9e de Saint-Suliac en long et en large, l&rsquo;\u00e9dition de 2025 a r\u00e9uni plus de 500 coureurs.<\/p><p>Rendez-vous en 2026 \u00e0 Saint-Suliac !<\/p>\t\t\t\t\t\t\t\t<\/div>\n\t\t\t\t<\/div>\n\t\t\t\t<\/div>\n\t\t\t\t\t<\/div>\n\t\t\t\t<\/div>\n\t\t<div class=\"elementor-element elementor-element-94e8bdb e-flex e-con-boxed e-con e-parent\" data-id=\"94e8bdb\" data-element_type=\"container\" data-e-type=\"container\">\n\t\t\t\t\t<div class=\"e-con-inner\">\n\t\t\t\t<div class=\"elementor-element elementor-element-8746616 elementor-widget elementor-widget-spacer\" data-id=\"8746616\" data-element_type=\"widget\" data-e-type=\"widget\" data-widget_type=\"spacer.default\">\n\t\t\t\t<div class=\"elementor-widget-container\">\n\t\t\t\t\t\t\t<div class=\"elementor-spacer\">\n\t\t\t<div class=\"elementor-spacer-inner\"><\/div>\n\t\t<\/div>\n\t\t\t\t\t\t<\/div>\n\t\t\t\t<\/div>\n\t\t\t\t\t<\/div>\n\t\t\t\t<\/div>\n\t\t<div class=\"elementor-element elementor-element-cd08993 e-flex e-con-boxed e-con e-parent\" data-id=\"cd08993\" data-element_type=\"container\" data-e-type=\"container\">\n\t\t\t\t\t<div class=\"e-con-inner\">\n\t\t\t\t<div class=\"elementor-element elementor-element-31fad42 elementor--h-position-center elementor--v-position-middle elementor-arrows-position-inside elementor-pagination-position-inside elementor-widget elementor-widget-slides\" data-id=\"31fad42\" data-element_type=\"widget\" data-e-type=\"widget\" data-settings=\"{&quot;navigation&quot;:&quot;both&quot;,&quot;autoplay&quot;:&quot;yes&quot;,&quot;pause_on_hover&quot;:&quot;yes&quot;,&quot;pause_on_interaction&quot;:&quot;yes&quot;,&quot;autoplay_speed&quot;:5000,&quot;infinite&quot;:&quot;yes&quot;,&quot;transition&quot;:&quot;slide&quot;,&quot;transition_speed&quot;:500}\" data-widget_type=\"slides.default\">\n\t\t\t\t<div class=\"elementor-widget-container\">\n\t\t\t\t\t\t\t\t\t<div class=\"elementor-swiper\">\n\t\t\t\t\t<div class=\"elementor-slides-wrapper elementor-main-swiper swiper\" role=\"region\" aria-roledescription=\"carousel\" aria-label=\"Diapositives\" dir=\"ltr\" data-animation=\"fadeInUp\">\n\t\t\t\t<div class=\"swiper-wrapper elementor-slides\">\n\t\t\t\t\t\t\t\t\t\t<div class=\"elementor-repeater-item-4813d6c swiper-slide\" role=\"group\" aria-roledescription=\"slide\"><div class=\"swiper-slide-bg\" role=\"img\" aria-label=\"coucher de soleil sur la cale de saint-suliac \u00e0 mar\u00e9e basse\"><\/div><a class=\"swiper-slide-inner\" href=\"https:\/\/saintsuliac.com\/\"><div class=\"swiper-slide-contents\"><div  class=\"elementor-button elementor-slide-button elementor-size-sm\">Accueil<\/div><\/div><\/a><\/div>\t\t\t\t<\/div>\n\t\t\t\t\t\t\t<\/div>\n\t\t\t\t<\/div>\n\t\t\t\t\t\t\t\t<\/div>\n\t\t\t\t<\/div>\n\t\t\t\t\t<\/div>\n\t\t\t\t<\/div>\n\t\t\t\t<\/div>\n\t\t","protected":false},"excerpt":{"rendered":"<p>Les Foul\u00e9es Sulia\u00e7aises L&rsquo;association se retrouve tous les dimanches matin \u00e0 10h au Stade de Saint-Suliac pour un running d&rsquo;environ 10km. Chaque ann\u00e9e ils organisent la d\u00e9sormais mythiqe Course des Terre-Neuvas, g\u00e9n\u00e9ralement en Mai, et ce au d\u00e9part de Saint-Suliac. Ci-dessous vous trouverez plus d&rsquo;informations ainsi qu&rsquo;un lien pour vous inscrire \u00e0 la course, mais [&hellip;]<\/p>\n","protected":false},"author":1,"featured_media":0,"parent":0,"menu_order":0,"comment_status":"closed","ping_status":"closed","template":"elementor_header_footer","meta":{"footnotes":""},"class_list":["post-1773","page","type-page","status-publish","hentry"],"yoast_head":"<!-- This site is optimized with the Yoast SEO plugin v27.5 - https:\/\/yoast.com\/product\/yoast-seo-wordpress\/ -->\n<title>Les Foul\u00e9es Sulia\u00e7aises - Saint-Suliac<\/title>\n<meta name=\"description\" content=\"Les Foul\u00e9es Sulia\u00e7aises \u00e0 Saint-Suliac : une course \u00e0 pied annuelle et des footings chaque dimanche matin, entre sport et convivialit\u00e9 bretonne.\" \/>\n<meta name=\"robots\" content=\"index, follow, max-snippet:-1, max-image-preview:large, max-video-preview:-1\" \/>\n<link rel=\"canonical\" href=\"https:\/\/saintsuliac.com\/index.php\/course-running-saint-suliac\/\" \/>\n<meta property=\"og:locale\" content=\"fr_FR\" \/>\n<meta property=\"og:type\" content=\"article\" \/>\n<meta property=\"og:title\" content=\"Les Foul\u00e9es Sulia\u00e7aises - Saint-Suliac\" \/>\n<meta property=\"og:description\" content=\"Les Foul\u00e9es Sulia\u00e7aises \u00e0 Saint-Suliac : une course \u00e0 pied annuelle et des footings chaque dimanche matin, entre sport et convivialit\u00e9 bretonne.\" \/>\n<meta property=\"og:url\" content=\"https:\/\/saintsuliac.com\/index.php\/course-running-saint-suliac\/\" \/>\n<meta property=\"og:site_name\" content=\"Saint-Suliac\" \/>\n<meta property=\"article:modified_time\" content=\"2026-02-03T18:46:00+00:00\" \/>\n<meta property=\"og:image\" content=\"https:\/\/saintsuliac.com\/wp-content\/uploads\/2025\/03\/poster-4523-20250128T091756.jpeg\" \/>\n\t<meta property=\"og:image:width\" content=\"424\" \/>\n\t<meta property=\"og:image:height\" content=\"600\" \/>\n\t<meta property=\"og:image:type\" content=\"image\/jpeg\" \/>\n<meta name=\"twitter:card\" content=\"summary_large_image\" \/>\n<meta name=\"twitter:label1\" content=\"Dur\u00e9e de lecture estim\u00e9e\" \/>\n\t<meta name=\"twitter:data1\" content=\"2 minutes\" \/>\n<script type=\"application\/ld+json\" class=\"yoast-schema-graph\">{\"@context\":\"https:\\\/\\\/schema.org\",\"@graph\":[{\"@type\":\"WebPage\",\"@id\":\"https:\\\/\\\/saintsuliac.com\\\/index.php\\\/course-running-saint-suliac\\\/\",\"url\":\"https:\\\/\\\/saintsuliac.com\\\/index.php\\\/course-running-saint-suliac\\\/\",\"name\":\"Les Foul\u00e9es Sulia\u00e7aises - Saint-Suliac\",\"isPartOf\":{\"@id\":\"https:\\\/\\\/saintsuliac.com\\\/#website\"},\"primaryImageOfPage\":{\"@id\":\"https:\\\/\\\/saintsuliac.com\\\/index.php\\\/course-running-saint-suliac\\\/#primaryimage\"},\"image\":{\"@id\":\"https:\\\/\\\/saintsuliac.com\\\/index.php\\\/course-running-saint-suliac\\\/#primaryimage\"},\"thumbnailUrl\":\"https:\\\/\\\/saintsuliac.com\\\/wp-content\\\/uploads\\\/2025\\\/03\\\/poster-4523-20250128T091756.jpeg\",\"datePublished\":\"2025-03-10T14:38:43+00:00\",\"dateModified\":\"2026-02-03T18:46:00+00:00\",\"description\":\"Les Foul\u00e9es Sulia\u00e7aises \u00e0 Saint-Suliac : une course \u00e0 pied annuelle et des footings chaque dimanche matin, entre sport et convivialit\u00e9 bretonne.\",\"breadcrumb\":{\"@id\":\"https:\\\/\\\/saintsuliac.com\\\/index.php\\\/course-running-saint-suliac\\\/#breadcrumb\"},\"inLanguage\":\"fr-FR\",\"potentialAction\":[{\"@type\":\"ReadAction\",\"target\":[\"https:\\\/\\\/saintsuliac.com\\\/index.php\\\/course-running-saint-suliac\\\/\"]}]},{\"@type\":\"ImageObject\",\"inLanguage\":\"fr-FR\",\"@id\":\"https:\\\/\\\/saintsuliac.com\\\/index.php\\\/course-running-saint-suliac\\\/#primaryimage\",\"url\":\"https:\\\/\\\/saintsuliac.com\\\/wp-content\\\/uploads\\\/2025\\\/03\\\/poster-4523-20250128T091756.jpeg\",\"contentUrl\":\"https:\\\/\\\/saintsuliac.com\\\/wp-content\\\/uploads\\\/2025\\\/03\\\/poster-4523-20250128T091756.jpeg\",\"width\":424,\"height\":600,\"caption\":\"affiche de la course des terre neuvas \u00e0 saint-suliac\"},{\"@type\":\"BreadcrumbList\",\"@id\":\"https:\\\/\\\/saintsuliac.com\\\/index.php\\\/course-running-saint-suliac\\\/#breadcrumb\",\"itemListElement\":[{\"@type\":\"ListItem\",\"position\":1,\"name\":\"Accueil\",\"item\":\"https:\\\/\\\/saintsuliac.com\\\/\"},{\"@type\":\"ListItem\",\"position\":2,\"name\":\"Les Foul\u00e9es Sulia\u00e7aises\"}]},{\"@type\":\"WebSite\",\"@id\":\"https:\\\/\\\/saintsuliac.com\\\/#website\",\"url\":\"https:\\\/\\\/saintsuliac.com\\\/\",\"name\":\"Saint-Suliac\",\"description\":\"Bienvenue \u00e0 Saint-Suliac \",\"publisher\":{\"@id\":\"https:\\\/\\\/saintsuliac.com\\\/#\\\/schema\\\/person\\\/0178bfa3583e6a68b0fa113763c05f5f\"},\"potentialAction\":[{\"@type\":\"SearchAction\",\"target\":{\"@type\":\"EntryPoint\",\"urlTemplate\":\"https:\\\/\\\/saintsuliac.com\\\/?s={search_term_string}\"},\"query-input\":{\"@type\":\"PropertyValueSpecification\",\"valueRequired\":true,\"valueName\":\"search_term_string\"}}],\"inLanguage\":\"fr-FR\"},{\"@type\":[\"Person\",\"Organization\"],\"@id\":\"https:\\\/\\\/saintsuliac.com\\\/#\\\/schema\\\/person\\\/0178bfa3583e6a68b0fa113763c05f5f\",\"name\":\"Xavier P.\",\"image\":{\"@type\":\"ImageObject\",\"inLanguage\":\"fr-FR\",\"@id\":\"https:\\\/\\\/saintsuliac.com\\\/wp-content\\\/uploads\\\/2025\\\/04\\\/cropped-logo_profil_rs_couleur.jpg\",\"url\":\"https:\\\/\\\/saintsuliac.com\\\/wp-content\\\/uploads\\\/2025\\\/04\\\/cropped-logo_profil_rs_couleur.jpg\",\"contentUrl\":\"https:\\\/\\\/saintsuliac.com\\\/wp-content\\\/uploads\\\/2025\\\/04\\\/cropped-logo_profil_rs_couleur.jpg\",\"width\":1199,\"height\":1206,\"caption\":\"Xavier P.\"},\"logo\":{\"@id\":\"https:\\\/\\\/saintsuliac.com\\\/wp-content\\\/uploads\\\/2025\\\/04\\\/cropped-logo_profil_rs_couleur.jpg\"},\"sameAs\":[\"http:\\\/\\\/saintsuliac.com\"]}]}<\/script>\n<!-- \/ Yoast SEO plugin. -->","yoast_head_json":{"title":"Les Foul\u00e9es Sulia\u00e7aises - Saint-Suliac","description":"Les Foul\u00e9es Sulia\u00e7aises \u00e0 Saint-Suliac : une course \u00e0 pied annuelle et des footings chaque dimanche matin, entre sport et convivialit\u00e9 bretonne.","robots":{"index":"index","follow":"follow","max-snippet":"max-snippet:-1","max-image-preview":"max-image-preview:large","max-video-preview":"max-video-preview:-1"},"canonical":"https:\/\/saintsuliac.com\/index.php\/course-running-saint-suliac\/","og_locale":"fr_FR","og_type":"article","og_title":"Les Foul\u00e9es Sulia\u00e7aises - Saint-Suliac","og_description":"Les Foul\u00e9es Sulia\u00e7aises \u00e0 Saint-Suliac : une course \u00e0 pied annuelle et des footings chaque dimanche matin, entre sport et convivialit\u00e9 bretonne.","og_url":"https:\/\/saintsuliac.com\/index.php\/course-running-saint-suliac\/","og_site_name":"Saint-Suliac","article_modified_time":"2026-02-03T18:46:00+00:00","og_image":[{"width":424,"height":600,"url":"https:\/\/saintsuliac.com\/wp-content\/uploads\/2025\/03\/poster-4523-20250128T091756.jpeg","type":"image\/jpeg"}],"twitter_card":"summary_large_image","twitter_misc":{"Dur\u00e9e de lecture estim\u00e9e":"2 minutes"},"schema":{"@context":"https:\/\/schema.org","@graph":[{"@type":"WebPage","@id":"https:\/\/saintsuliac.com\/index.php\/course-running-saint-suliac\/","url":"https:\/\/saintsuliac.com\/index.php\/course-running-saint-suliac\/","name":"Les Foul\u00e9es Sulia\u00e7aises - Saint-Suliac","isPartOf":{"@id":"https:\/\/saintsuliac.com\/#website"},"primaryImageOfPage":{"@id":"https:\/\/saintsuliac.com\/index.php\/course-running-saint-suliac\/#primaryimage"},"image":{"@id":"https:\/\/saintsuliac.com\/index.php\/course-running-saint-suliac\/#primaryimage"},"thumbnailUrl":"https:\/\/saintsuliac.com\/wp-content\/uploads\/2025\/03\/poster-4523-20250128T091756.jpeg","datePublished":"2025-03-10T14:38:43+00:00","dateModified":"2026-02-03T18:46:00+00:00","description":"Les Foul\u00e9es Sulia\u00e7aises \u00e0 Saint-Suliac : une course \u00e0 pied annuelle et des footings chaque dimanche matin, entre sport et convivialit\u00e9 bretonne.","breadcrumb":{"@id":"https:\/\/saintsuliac.com\/index.php\/course-running-saint-suliac\/#breadcrumb"},"inLanguage":"fr-FR","potentialAction":[{"@type":"ReadAction","target":["https:\/\/saintsuliac.com\/index.php\/course-running-saint-suliac\/"]}]},{"@type":"ImageObject","inLanguage":"fr-FR","@id":"https:\/\/saintsuliac.com\/index.php\/course-running-saint-suliac\/#primaryimage","url":"https:\/\/saintsuliac.com\/wp-content\/uploads\/2025\/03\/poster-4523-20250128T091756.jpeg","contentUrl":"https:\/\/saintsuliac.com\/wp-content\/uploads\/2025\/03\/poster-4523-20250128T091756.jpeg","width":424,"height":600,"caption":"affiche de la course des terre neuvas \u00e0 saint-suliac"},{"@type":"BreadcrumbList","@id":"https:\/\/saintsuliac.com\/index.php\/course-running-saint-suliac\/#breadcrumb","itemListElement":[{"@type":"ListItem","position":1,"name":"Accueil","item":"https:\/\/saintsuliac.com\/"},{"@type":"ListItem","position":2,"name":"Les Foul\u00e9es Sulia\u00e7aises"}]},{"@type":"WebSite","@id":"https:\/\/saintsuliac.com\/#website","url":"https:\/\/saintsuliac.com\/","name":"Saint-Suliac","description":"Bienvenue \u00e0 Saint-Suliac ","publisher":{"@id":"https:\/\/saintsuliac.com\/#\/schema\/person\/0178bfa3583e6a68b0fa113763c05f5f"},"potentialAction":[{"@type":"SearchAction","target":{"@type":"EntryPoint","urlTemplate":"https:\/\/saintsuliac.com\/?s={search_term_string}"},"query-input":{"@type":"PropertyValueSpecification","valueRequired":true,"valueName":"search_term_string"}}],"inLanguage":"fr-FR"},{"@type":["Person","Organization"],"@id":"https:\/\/saintsuliac.com\/#\/schema\/person\/0178bfa3583e6a68b0fa113763c05f5f","name":"Xavier P.","image":{"@type":"ImageObject","inLanguage":"fr-FR","@id":"https:\/\/saintsuliac.com\/wp-content\/uploads\/2025\/04\/cropped-logo_profil_rs_couleur.jpg","url":"https:\/\/saintsuliac.com\/wp-content\/uploads\/2025\/04\/cropped-logo_profil_rs_couleur.jpg","contentUrl":"https:\/\/saintsuliac.com\/wp-content\/uploads\/2025\/04\/cropped-logo_profil_rs_couleur.jpg","width":1199,"height":1206,"caption":"Xavier P."},"logo":{"@id":"https:\/\/saintsuliac.com\/wp-content\/uploads\/2025\/04\/cropped-logo_profil_rs_couleur.jpg"},"sameAs":["http:\/\/saintsuliac.com"]}]}},"_links":{"self":[{"href":"https:\/\/saintsuliac.com\/index.php\/wp-json\/wp\/v2\/pages\/1773","targetHints":{"allow":["GET"]}}],"collection":[{"href":"https:\/\/saintsuliac.com\/index.php\/wp-json\/wp\/v2\/pages"}],"about":[{"href":"https:\/\/saintsuliac.com\/index.php\/wp-json\/wp\/v2\/types\/page"}],"author":[{"embeddable":true,"href":"https:\/\/saintsuliac.com\/index.php\/wp-json\/wp\/v2\/users\/1"}],"replies":[{"embeddable":true,"href":"https:\/\/saintsuliac.com\/index.php\/wp-json\/wp\/v2\/comments?post=1773"}],"version-history":[{"count":55,"href":"https:\/\/saintsuliac.com\/index.php\/wp-json\/wp\/v2\/pages\/1773\/revisions"}],"predecessor-version":[{"id":6390,"href":"https:\/\/saintsuliac.com\/index.php\/wp-json\/wp\/v2\/pages\/1773\/revisions\/6390"}],"wp:attachment":[{"href":"https:\/\/saintsuliac.com\/index.php\/wp-json\/wp\/v2\/media?parent=1773"}],"curies":[{"name":"wp","href":"https:\/\/api.w.org\/{rel}","templated":true}]}}