{"id":1535,"date":"2025-03-06T09:24:42","date_gmt":"2025-03-06T08:24:42","guid":{"rendered":"https:\/\/saintsuliac.com\/?page_id=1535"},"modified":"2026-02-03T19:37:08","modified_gmt":"2026-02-03T18:37:08","slug":"musee-maison-collections-saint-suliac","status":"publish","type":"page","link":"https:\/\/saintsuliac.com\/index.php\/musee-maison-collections-saint-suliac\/","title":{"rendered":"Maison des Collections et des Terre-neuvas"},"content":{"rendered":"\t\t<div data-elementor-type=\"wp-page\" data-elementor-id=\"1535\" class=\"elementor elementor-1535\" data-elementor-post-type=\"page\">\n\t\t\t\t<div class=\"elementor-element elementor-element-863d973 e-flex e-con-boxed e-con e-parent\" data-id=\"863d973\" data-element_type=\"container\" data-e-type=\"container\">\n\t\t\t\t\t<div class=\"e-con-inner\">\n\t\t\t\t<div class=\"elementor-element elementor-element-fc0268d elementor-widget elementor-widget-heading\" data-id=\"fc0268d\" data-element_type=\"widget\" data-e-type=\"widget\" data-widget_type=\"heading.default\">\n\t\t\t\t<div class=\"elementor-widget-container\">\n\t\t\t\t\t<h2 class=\"elementor-heading-title elementor-size-default\">Le Mus\u00e9e de Saint-Suliac<\/h2>\t\t\t\t<\/div>\n\t\t\t\t<\/div>\n\t\t\t\t\t<\/div>\n\t\t\t\t<\/div>\n\t\t<div class=\"elementor-element elementor-element-50e06e9 e-flex e-con-boxed e-con e-parent\" data-id=\"50e06e9\" data-element_type=\"container\" data-e-type=\"container\">\n\t\t\t\t\t<div class=\"e-con-inner\">\n\t\t\t\t<div class=\"elementor-element elementor-element-82c38f9 elementor-widget elementor-widget-heading\" data-id=\"82c38f9\" data-element_type=\"widget\" data-e-type=\"widget\" data-widget_type=\"heading.default\">\n\t\t\t\t<div class=\"elementor-widget-container\">\n\t\t\t\t\t<h2 class=\"elementor-heading-title elementor-size-default\">Maison des Collections et du Terre-neuva <\/h2>\t\t\t\t<\/div>\n\t\t\t\t<\/div>\n\t\t\t\t\t<\/div>\n\t\t\t\t<\/div>\n\t\t<div class=\"elementor-element elementor-element-b353a8f e-flex e-con-boxed e-con e-parent\" data-id=\"b353a8f\" data-element_type=\"container\" data-e-type=\"container\">\n\t\t\t\t\t<div class=\"e-con-inner\">\n\t\t<div class=\"elementor-element elementor-element-c0677e2 e-con-full e-flex e-con e-child\" data-id=\"c0677e2\" data-element_type=\"container\" data-e-type=\"container\">\n\t\t\t\t<div class=\"elementor-element elementor-element-36656df elementor-widget elementor-widget-image\" data-id=\"36656df\" data-element_type=\"widget\" data-e-type=\"widget\" data-widget_type=\"image.default\">\n\t\t\t\t<div class=\"elementor-widget-container\">\n\t\t\t\t\t\t\t\t\t\t\t\t\t\t\t<img fetchpriority=\"high\" decoding=\"async\" width=\"800\" height=\"552\" src=\"https:\/\/saintsuliac.com\/wp-content\/uploads\/2025\/03\/DSC_0097.jpg\" class=\"attachment-large size-large wp-image-1329\" alt=\"\" srcset=\"https:\/\/saintsuliac.com\/wp-content\/uploads\/2025\/03\/DSC_0097.jpg 800w, https:\/\/saintsuliac.com\/wp-content\/uploads\/2025\/03\/DSC_0097-300x207.jpg 300w, https:\/\/saintsuliac.com\/wp-content\/uploads\/2025\/03\/DSC_0097-768x530.jpg 768w\" sizes=\"(max-width: 800px) 100vw, 800px\" \/>\t\t\t\t\t\t\t\t\t\t\t\t\t\t\t<\/div>\n\t\t\t\t<\/div>\n\t\t\t\t<\/div>\n\t\t<div class=\"elementor-element elementor-element-923acd7 e-con-full e-flex e-con e-child\" data-id=\"923acd7\" data-element_type=\"container\" data-e-type=\"container\">\n\t\t\t\t<div class=\"elementor-element elementor-element-f8307fa elementor-widget elementor-widget-heading\" data-id=\"f8307fa\" data-element_type=\"widget\" data-e-type=\"widget\" data-widget_type=\"heading.default\">\n\t\t\t\t<div class=\"elementor-widget-container\">\n\t\t\t\t\t<h2 class=\"elementor-heading-title elementor-size-default\">L'histoire d'un enfant de Saint-Suliac<\/h2>\t\t\t\t<\/div>\n\t\t\t\t<\/div>\n\t\t\t\t<div class=\"elementor-element elementor-element-a112338 elementor-widget elementor-widget-text-editor\" data-id=\"a112338\" data-element_type=\"widget\" data-e-type=\"widget\" data-widget_type=\"text-editor.default\">\n\t\t\t\t<div class=\"elementor-widget-container\">\n\t\t\t\t\t\t\t\t\t<p>Au travers de 14 salles et plus de 500 m\u00b2, vous allez d\u00e9couvrir la vie d&rsquo;un enfant du village entre 1840 et 1956. Apr\u00e8s une sc\u00e8ne de mariage en 1912, vous suivrez sa vie du bapt\u00eame \u00e0 l&rsquo;\u00e2ge adulte, par des petites sc\u00e9nettes reconstitu\u00e9es en passant par la communion et l&rsquo;\u00e9cole, jusqu&rsquo;\u00e0 ce qu&rsquo;il devienne soit paysan, soit p\u00eacheur.<\/p>\t\t\t\t\t\t\t\t<\/div>\n\t\t\t\t<\/div>\n\t\t\t\t<\/div>\n\t\t\t\t\t<\/div>\n\t\t\t\t<\/div>\n\t\t<div class=\"elementor-element elementor-element-90a669f e-flex e-con-boxed e-con e-parent\" data-id=\"90a669f\" data-element_type=\"container\" data-e-type=\"container\">\n\t\t\t\t\t<div class=\"e-con-inner\">\n\t\t<div class=\"elementor-element elementor-element-b2419f0 e-con-full e-flex e-con e-child\" data-id=\"b2419f0\" data-element_type=\"container\" data-e-type=\"container\">\n\t\t\t\t<div class=\"elementor-element elementor-element-529e75d elementor-widget elementor-widget-image\" data-id=\"529e75d\" data-element_type=\"widget\" data-e-type=\"widget\" data-widget_type=\"image.default\">\n\t\t\t\t<div class=\"elementor-widget-container\">\n\t\t\t\t\t\t\t\t\t\t\t\t\t\t\t<img decoding=\"async\" width=\"768\" height=\"1024\" src=\"https:\/\/saintsuliac.com\/wp-content\/uploads\/2025\/03\/IMG_3207-768x1024.jpg\" class=\"attachment-large size-large wp-image-1747\" alt=\"\" srcset=\"https:\/\/saintsuliac.com\/wp-content\/uploads\/2025\/03\/IMG_3207-768x1024.jpg 768w, https:\/\/saintsuliac.com\/wp-content\/uploads\/2025\/03\/IMG_3207-225x300.jpg 225w, https:\/\/saintsuliac.com\/wp-content\/uploads\/2025\/03\/IMG_3207-1152x1536.jpg 1152w, https:\/\/saintsuliac.com\/wp-content\/uploads\/2025\/03\/IMG_3207-1536x2048.jpg 1536w, https:\/\/saintsuliac.com\/wp-content\/uploads\/2025\/03\/IMG_3207-scaled.jpg 1920w\" sizes=\"(max-width: 768px) 100vw, 768px\" \/>\t\t\t\t\t\t\t\t\t\t\t\t\t\t\t<\/div>\n\t\t\t\t<\/div>\n\t\t\t\t<\/div>\n\t\t<div class=\"elementor-element elementor-element-23f1dff e-con-full e-flex e-con e-child\" data-id=\"23f1dff\" data-element_type=\"container\" data-e-type=\"container\">\n\t\t\t\t<div class=\"elementor-element elementor-element-ae16e08 elementor-widget elementor-widget-image\" data-id=\"ae16e08\" data-element_type=\"widget\" data-e-type=\"widget\" data-widget_type=\"image.default\">\n\t\t\t\t<div class=\"elementor-widget-container\">\n\t\t\t\t\t\t\t\t\t\t\t\t\t\t\t<img decoding=\"async\" width=\"768\" height=\"1024\" src=\"https:\/\/saintsuliac.com\/wp-content\/uploads\/2025\/03\/IMG_3234-768x1024.jpg\" class=\"attachment-large size-large wp-image-1751\" alt=\"\" srcset=\"https:\/\/saintsuliac.com\/wp-content\/uploads\/2025\/03\/IMG_3234-768x1024.jpg 768w, https:\/\/saintsuliac.com\/wp-content\/uploads\/2025\/03\/IMG_3234-225x300.jpg 225w, https:\/\/saintsuliac.com\/wp-content\/uploads\/2025\/03\/IMG_3234-1152x1536.jpg 1152w, https:\/\/saintsuliac.com\/wp-content\/uploads\/2025\/03\/IMG_3234-1536x2048.jpg 1536w, https:\/\/saintsuliac.com\/wp-content\/uploads\/2025\/03\/IMG_3234-scaled.jpg 1920w\" sizes=\"(max-width: 768px) 100vw, 768px\" \/>\t\t\t\t\t\t\t\t\t\t\t\t\t\t\t<\/div>\n\t\t\t\t<\/div>\n\t\t\t\t<\/div>\n\t\t\t\t\t<\/div>\n\t\t\t\t<\/div>\n\t\t<div class=\"elementor-element elementor-element-3fc2e0b e-flex e-con-boxed e-con e-parent\" data-id=\"3fc2e0b\" data-element_type=\"container\" data-e-type=\"container\">\n\t\t\t\t\t<div class=\"e-con-inner\">\n\t\t\t\t<div class=\"elementor-element elementor-element-e35232b elementor-widget elementor-widget-spacer\" data-id=\"e35232b\" data-element_type=\"widget\" data-e-type=\"widget\" data-widget_type=\"spacer.default\">\n\t\t\t\t<div class=\"elementor-widget-container\">\n\t\t\t\t\t\t\t<div class=\"elementor-spacer\">\n\t\t\t<div class=\"elementor-spacer-inner\"><\/div>\n\t\t<\/div>\n\t\t\t\t\t\t<\/div>\n\t\t\t\t<\/div>\n\t\t\t\t\t<\/div>\n\t\t\t\t<\/div>\n\t\t<div class=\"elementor-element elementor-element-71df5e1 e-flex e-con-boxed e-con e-parent\" data-id=\"71df5e1\" data-element_type=\"container\" data-e-type=\"container\">\n\t\t\t\t\t<div class=\"e-con-inner\">\n\t\t\t\t<div class=\"elementor-element elementor-element-1c72827 elementor--h-position-center elementor--v-position-middle elementor-arrows-position-inside elementor-pagination-position-inside elementor-widget elementor-widget-slides\" data-id=\"1c72827\" data-element_type=\"widget\" data-e-type=\"widget\" data-settings=\"{&quot;navigation&quot;:&quot;both&quot;,&quot;autoplay&quot;:&quot;yes&quot;,&quot;pause_on_hover&quot;:&quot;yes&quot;,&quot;pause_on_interaction&quot;:&quot;yes&quot;,&quot;autoplay_speed&quot;:5000,&quot;infinite&quot;:&quot;yes&quot;,&quot;transition&quot;:&quot;slide&quot;,&quot;transition_speed&quot;:500}\" data-widget_type=\"slides.default\">\n\t\t\t\t<div class=\"elementor-widget-container\">\n\t\t\t\t\t\t\t\t\t<div class=\"elementor-swiper\">\n\t\t\t\t\t<div class=\"elementor-slides-wrapper elementor-main-swiper swiper\" role=\"region\" aria-roledescription=\"carousel\" aria-label=\"Diapositives\" dir=\"ltr\" data-animation=\"fadeInUp\">\n\t\t\t\t<div class=\"swiper-wrapper elementor-slides\">\n\t\t\t\t\t\t\t\t\t\t<div class=\"elementor-repeater-item-3c45da1 swiper-slide\" role=\"group\" aria-roledescription=\"slide\"><div class=\"swiper-slide-bg\" role=\"img\" aria-label=\"IMG_3217\"><\/div><a class=\"swiper-slide-inner\" href=\"https:\/\/www.la-maison-des-collections.fr\/\" target=\"_blank\"><div class=\"swiper-slide-contents\"><div  class=\"elementor-button elementor-slide-button elementor-size-sm\">En savoir plus<\/div><\/div><\/a><\/div>\t\t\t\t<\/div>\n\t\t\t\t\t\t\t<\/div>\n\t\t\t\t<\/div>\n\t\t\t\t\t\t\t\t<\/div>\n\t\t\t\t<\/div>\n\t\t\t\t\t<\/div>\n\t\t\t\t<\/div>\n\t\t<div class=\"elementor-element elementor-element-dc88131 e-flex e-con-boxed e-con e-parent\" data-id=\"dc88131\" data-element_type=\"container\" data-e-type=\"container\">\n\t\t\t\t\t<div class=\"e-con-inner\">\n\t\t\t\t<div class=\"elementor-element elementor-element-ce1c4e4 elementor-widget elementor-widget-spacer\" data-id=\"ce1c4e4\" data-element_type=\"widget\" data-e-type=\"widget\" data-widget_type=\"spacer.default\">\n\t\t\t\t<div class=\"elementor-widget-container\">\n\t\t\t\t\t\t\t<div class=\"elementor-spacer\">\n\t\t\t<div class=\"elementor-spacer-inner\"><\/div>\n\t\t<\/div>\n\t\t\t\t\t\t<\/div>\n\t\t\t\t<\/div>\n\t\t\t\t\t<\/div>\n\t\t\t\t<\/div>\n\t\t<div class=\"elementor-element elementor-element-d1c3146 e-flex e-con-boxed e-con e-parent\" data-id=\"d1c3146\" data-element_type=\"container\" data-e-type=\"container\">\n\t\t\t\t\t<div class=\"e-con-inner\">\n\t\t\t\t<div class=\"elementor-element elementor-element-afcd69b elementor--h-position-center elementor--v-position-middle elementor-arrows-position-inside elementor-pagination-position-inside elementor-widget elementor-widget-slides\" data-id=\"afcd69b\" data-element_type=\"widget\" data-e-type=\"widget\" data-settings=\"{&quot;navigation&quot;:&quot;both&quot;,&quot;autoplay&quot;:&quot;yes&quot;,&quot;pause_on_hover&quot;:&quot;yes&quot;,&quot;pause_on_interaction&quot;:&quot;yes&quot;,&quot;autoplay_speed&quot;:5000,&quot;infinite&quot;:&quot;yes&quot;,&quot;transition&quot;:&quot;slide&quot;,&quot;transition_speed&quot;:500}\" data-widget_type=\"slides.default\">\n\t\t\t\t<div class=\"elementor-widget-container\">\n\t\t\t\t\t\t\t\t\t<div class=\"elementor-swiper\">\n\t\t\t\t\t<div class=\"elementor-slides-wrapper elementor-main-swiper swiper\" role=\"region\" aria-roledescription=\"carousel\" aria-label=\"Diapositives\" dir=\"ltr\" data-animation=\"fadeInUp\">\n\t\t\t\t<div class=\"swiper-wrapper elementor-slides\">\n\t\t\t\t\t\t\t\t\t\t<div class=\"elementor-repeater-item-744fcd4 swiper-slide\" role=\"group\" aria-roledescription=\"slide\"><div class=\"swiper-slide-bg\" role=\"img\" aria-label=\"coucher de soleil sur la cale de saint-suliac \u00e0 mar\u00e9e basse\"><\/div><a class=\"swiper-slide-inner\" href=\"https:\/\/saintsuliac.com\/\"><div class=\"swiper-slide-contents\"><div  class=\"elementor-button elementor-slide-button elementor-size-sm\">Accueil<\/div><\/div><\/a><\/div>\t\t\t\t<\/div>\n\t\t\t\t\t\t\t<\/div>\n\t\t\t\t<\/div>\n\t\t\t\t\t\t\t\t<\/div>\n\t\t\t\t<\/div>\n\t\t\t\t\t<\/div>\n\t\t\t\t<\/div>\n\t\t\t\t<\/div>\n\t\t","protected":false},"excerpt":{"rendered":"<p>Le Mus\u00e9e de Saint-Suliac Maison des Collections et du Terre-neuva L&rsquo;histoire d&rsquo;un enfant de Saint-Suliac Au travers de 14 salles et plus de 500 m\u00b2, vous allez d\u00e9couvrir la vie d&rsquo;un enfant du village entre 1840 et 1956. Apr\u00e8s une sc\u00e8ne de mariage en 1912, vous suivrez sa vie du bapt\u00eame \u00e0 l&rsquo;\u00e2ge adulte, par [&hellip;]<\/p>\n","protected":false},"author":1,"featured_media":0,"parent":0,"menu_order":0,"comment_status":"closed","ping_status":"closed","template":"elementor_header_footer","meta":{"footnotes":""},"class_list":["post-1535","page","type-page","status-publish","hentry"],"yoast_head":"<!-- This site is optimized with the Yoast SEO plugin v27.5 - https:\/\/yoast.com\/product\/yoast-seo-wordpress\/ -->\n<title>Maison des Collections et des Terre-neuvas - Saint-Suliac<\/title>\n<meta name=\"description\" content=\"Patrimoine maritime \u00e0 Saint-Suliac : visitez la Maison des Collections et des Terre-Neuvas, d\u00e9di\u00e9e \u00e0 l\u2019histoire locale.\" \/>\n<meta name=\"robots\" content=\"index, follow, max-snippet:-1, max-image-preview:large, max-video-preview:-1\" \/>\n<link rel=\"canonical\" href=\"https:\/\/saintsuliac.com\/index.php\/musee-maison-collections-saint-suliac\/\" \/>\n<meta property=\"og:locale\" content=\"fr_FR\" \/>\n<meta property=\"og:type\" content=\"article\" \/>\n<meta property=\"og:title\" content=\"Maison des Collections et des Terre-neuvas - Saint-Suliac\" \/>\n<meta property=\"og:description\" content=\"Patrimoine maritime \u00e0 Saint-Suliac : visitez la Maison des Collections et des Terre-Neuvas, d\u00e9di\u00e9e \u00e0 l\u2019histoire locale.\" \/>\n<meta property=\"og:url\" content=\"https:\/\/saintsuliac.com\/index.php\/musee-maison-collections-saint-suliac\/\" \/>\n<meta property=\"og:site_name\" content=\"Saint-Suliac\" \/>\n<meta property=\"article:modified_time\" content=\"2026-02-03T18:37:08+00:00\" \/>\n<meta property=\"og:image\" content=\"https:\/\/saintsuliac.com\/wp-content\/uploads\/2025\/03\/DSC_0097.jpg\" \/>\n\t<meta property=\"og:image:width\" content=\"800\" \/>\n\t<meta property=\"og:image:height\" content=\"552\" \/>\n\t<meta property=\"og:image:type\" content=\"image\/jpeg\" \/>\n<meta name=\"twitter:card\" content=\"summary_large_image\" \/>\n<meta name=\"twitter:label1\" content=\"Dur\u00e9e de lecture estim\u00e9e\" \/>\n\t<meta name=\"twitter:data1\" content=\"2 minutes\" \/>\n<script type=\"application\/ld+json\" class=\"yoast-schema-graph\">{\"@context\":\"https:\\\/\\\/schema.org\",\"@graph\":[{\"@type\":\"WebPage\",\"@id\":\"https:\\\/\\\/saintsuliac.com\\\/index.php\\\/musee-maison-collections-saint-suliac\\\/\",\"url\":\"https:\\\/\\\/saintsuliac.com\\\/index.php\\\/musee-maison-collections-saint-suliac\\\/\",\"name\":\"Maison des Collections et des Terre-neuvas - Saint-Suliac\",\"isPartOf\":{\"@id\":\"https:\\\/\\\/saintsuliac.com\\\/#website\"},\"primaryImageOfPage\":{\"@id\":\"https:\\\/\\\/saintsuliac.com\\\/index.php\\\/musee-maison-collections-saint-suliac\\\/#primaryimage\"},\"image\":{\"@id\":\"https:\\\/\\\/saintsuliac.com\\\/index.php\\\/musee-maison-collections-saint-suliac\\\/#primaryimage\"},\"thumbnailUrl\":\"https:\\\/\\\/saintsuliac.com\\\/wp-content\\\/uploads\\\/2025\\\/03\\\/DSC_0097.jpg\",\"datePublished\":\"2025-03-06T08:24:42+00:00\",\"dateModified\":\"2026-02-03T18:37:08+00:00\",\"description\":\"Patrimoine maritime \u00e0 Saint-Suliac : visitez la Maison des Collections et des Terre-Neuvas, d\u00e9di\u00e9e \u00e0 l\u2019histoire locale.\",\"breadcrumb\":{\"@id\":\"https:\\\/\\\/saintsuliac.com\\\/index.php\\\/musee-maison-collections-saint-suliac\\\/#breadcrumb\"},\"inLanguage\":\"fr-FR\",\"potentialAction\":[{\"@type\":\"ReadAction\",\"target\":[\"https:\\\/\\\/saintsuliac.com\\\/index.php\\\/musee-maison-collections-saint-suliac\\\/\"]}]},{\"@type\":\"ImageObject\",\"inLanguage\":\"fr-FR\",\"@id\":\"https:\\\/\\\/saintsuliac.com\\\/index.php\\\/musee-maison-collections-saint-suliac\\\/#primaryimage\",\"url\":\"https:\\\/\\\/saintsuliac.com\\\/wp-content\\\/uploads\\\/2025\\\/03\\\/DSC_0097.jpg\",\"contentUrl\":\"https:\\\/\\\/saintsuliac.com\\\/wp-content\\\/uploads\\\/2025\\\/03\\\/DSC_0097.jpg\",\"width\":800,\"height\":552},{\"@type\":\"BreadcrumbList\",\"@id\":\"https:\\\/\\\/saintsuliac.com\\\/index.php\\\/musee-maison-collections-saint-suliac\\\/#breadcrumb\",\"itemListElement\":[{\"@type\":\"ListItem\",\"position\":1,\"name\":\"Accueil\",\"item\":\"https:\\\/\\\/saintsuliac.com\\\/\"},{\"@type\":\"ListItem\",\"position\":2,\"name\":\"Maison des Collections et des Terre-neuvas\"}]},{\"@type\":\"WebSite\",\"@id\":\"https:\\\/\\\/saintsuliac.com\\\/#website\",\"url\":\"https:\\\/\\\/saintsuliac.com\\\/\",\"name\":\"Saint-Suliac\",\"description\":\"Bienvenue \u00e0 Saint-Suliac \",\"publisher\":{\"@id\":\"https:\\\/\\\/saintsuliac.com\\\/#\\\/schema\\\/person\\\/0178bfa3583e6a68b0fa113763c05f5f\"},\"potentialAction\":[{\"@type\":\"SearchAction\",\"target\":{\"@type\":\"EntryPoint\",\"urlTemplate\":\"https:\\\/\\\/saintsuliac.com\\\/?s={search_term_string}\"},\"query-input\":{\"@type\":\"PropertyValueSpecification\",\"valueRequired\":true,\"valueName\":\"search_term_string\"}}],\"inLanguage\":\"fr-FR\"},{\"@type\":[\"Person\",\"Organization\"],\"@id\":\"https:\\\/\\\/saintsuliac.com\\\/#\\\/schema\\\/person\\\/0178bfa3583e6a68b0fa113763c05f5f\",\"name\":\"Xavier P.\",\"image\":{\"@type\":\"ImageObject\",\"inLanguage\":\"fr-FR\",\"@id\":\"https:\\\/\\\/saintsuliac.com\\\/wp-content\\\/uploads\\\/2025\\\/04\\\/cropped-logo_profil_rs_couleur.jpg\",\"url\":\"https:\\\/\\\/saintsuliac.com\\\/wp-content\\\/uploads\\\/2025\\\/04\\\/cropped-logo_profil_rs_couleur.jpg\",\"contentUrl\":\"https:\\\/\\\/saintsuliac.com\\\/wp-content\\\/uploads\\\/2025\\\/04\\\/cropped-logo_profil_rs_couleur.jpg\",\"width\":1199,\"height\":1206,\"caption\":\"Xavier P.\"},\"logo\":{\"@id\":\"https:\\\/\\\/saintsuliac.com\\\/wp-content\\\/uploads\\\/2025\\\/04\\\/cropped-logo_profil_rs_couleur.jpg\"},\"sameAs\":[\"http:\\\/\\\/saintsuliac.com\"]}]}<\/script>\n<!-- \/ Yoast SEO plugin. -->","yoast_head_json":{"title":"Maison des Collections et des Terre-neuvas - Saint-Suliac","description":"Patrimoine maritime \u00e0 Saint-Suliac : visitez la Maison des Collections et des Terre-Neuvas, d\u00e9di\u00e9e \u00e0 l\u2019histoire locale.","robots":{"index":"index","follow":"follow","max-snippet":"max-snippet:-1","max-image-preview":"max-image-preview:large","max-video-preview":"max-video-preview:-1"},"canonical":"https:\/\/saintsuliac.com\/index.php\/musee-maison-collections-saint-suliac\/","og_locale":"fr_FR","og_type":"article","og_title":"Maison des Collections et des Terre-neuvas - Saint-Suliac","og_description":"Patrimoine maritime \u00e0 Saint-Suliac : visitez la Maison des Collections et des Terre-Neuvas, d\u00e9di\u00e9e \u00e0 l\u2019histoire locale.","og_url":"https:\/\/saintsuliac.com\/index.php\/musee-maison-collections-saint-suliac\/","og_site_name":"Saint-Suliac","article_modified_time":"2026-02-03T18:37:08+00:00","og_image":[{"width":800,"height":552,"url":"https:\/\/saintsuliac.com\/wp-content\/uploads\/2025\/03\/DSC_0097.jpg","type":"image\/jpeg"}],"twitter_card":"summary_large_image","twitter_misc":{"Dur\u00e9e de lecture estim\u00e9e":"2 minutes"},"schema":{"@context":"https:\/\/schema.org","@graph":[{"@type":"WebPage","@id":"https:\/\/saintsuliac.com\/index.php\/musee-maison-collections-saint-suliac\/","url":"https:\/\/saintsuliac.com\/index.php\/musee-maison-collections-saint-suliac\/","name":"Maison des Collections et des Terre-neuvas - Saint-Suliac","isPartOf":{"@id":"https:\/\/saintsuliac.com\/#website"},"primaryImageOfPage":{"@id":"https:\/\/saintsuliac.com\/index.php\/musee-maison-collections-saint-suliac\/#primaryimage"},"image":{"@id":"https:\/\/saintsuliac.com\/index.php\/musee-maison-collections-saint-suliac\/#primaryimage"},"thumbnailUrl":"https:\/\/saintsuliac.com\/wp-content\/uploads\/2025\/03\/DSC_0097.jpg","datePublished":"2025-03-06T08:24:42+00:00","dateModified":"2026-02-03T18:37:08+00:00","description":"Patrimoine maritime \u00e0 Saint-Suliac : visitez la Maison des Collections et des Terre-Neuvas, d\u00e9di\u00e9e \u00e0 l\u2019histoire locale.","breadcrumb":{"@id":"https:\/\/saintsuliac.com\/index.php\/musee-maison-collections-saint-suliac\/#breadcrumb"},"inLanguage":"fr-FR","potentialAction":[{"@type":"ReadAction","target":["https:\/\/saintsuliac.com\/index.php\/musee-maison-collections-saint-suliac\/"]}]},{"@type":"ImageObject","inLanguage":"fr-FR","@id":"https:\/\/saintsuliac.com\/index.php\/musee-maison-collections-saint-suliac\/#primaryimage","url":"https:\/\/saintsuliac.com\/wp-content\/uploads\/2025\/03\/DSC_0097.jpg","contentUrl":"https:\/\/saintsuliac.com\/wp-content\/uploads\/2025\/03\/DSC_0097.jpg","width":800,"height":552},{"@type":"BreadcrumbList","@id":"https:\/\/saintsuliac.com\/index.php\/musee-maison-collections-saint-suliac\/#breadcrumb","itemListElement":[{"@type":"ListItem","position":1,"name":"Accueil","item":"https:\/\/saintsuliac.com\/"},{"@type":"ListItem","position":2,"name":"Maison des Collections et des Terre-neuvas"}]},{"@type":"WebSite","@id":"https:\/\/saintsuliac.com\/#website","url":"https:\/\/saintsuliac.com\/","name":"Saint-Suliac","description":"Bienvenue \u00e0 Saint-Suliac ","publisher":{"@id":"https:\/\/saintsuliac.com\/#\/schema\/person\/0178bfa3583e6a68b0fa113763c05f5f"},"potentialAction":[{"@type":"SearchAction","target":{"@type":"EntryPoint","urlTemplate":"https:\/\/saintsuliac.com\/?s={search_term_string}"},"query-input":{"@type":"PropertyValueSpecification","valueRequired":true,"valueName":"search_term_string"}}],"inLanguage":"fr-FR"},{"@type":["Person","Organization"],"@id":"https:\/\/saintsuliac.com\/#\/schema\/person\/0178bfa3583e6a68b0fa113763c05f5f","name":"Xavier P.","image":{"@type":"ImageObject","inLanguage":"fr-FR","@id":"https:\/\/saintsuliac.com\/wp-content\/uploads\/2025\/04\/cropped-logo_profil_rs_couleur.jpg","url":"https:\/\/saintsuliac.com\/wp-content\/uploads\/2025\/04\/cropped-logo_profil_rs_couleur.jpg","contentUrl":"https:\/\/saintsuliac.com\/wp-content\/uploads\/2025\/04\/cropped-logo_profil_rs_couleur.jpg","width":1199,"height":1206,"caption":"Xavier P."},"logo":{"@id":"https:\/\/saintsuliac.com\/wp-content\/uploads\/2025\/04\/cropped-logo_profil_rs_couleur.jpg"},"sameAs":["http:\/\/saintsuliac.com"]}]}},"_links":{"self":[{"href":"https:\/\/saintsuliac.com\/index.php\/wp-json\/wp\/v2\/pages\/1535","targetHints":{"allow":["GET"]}}],"collection":[{"href":"https:\/\/saintsuliac.com\/index.php\/wp-json\/wp\/v2\/pages"}],"about":[{"href":"https:\/\/saintsuliac.com\/index.php\/wp-json\/wp\/v2\/types\/page"}],"author":[{"embeddable":true,"href":"https:\/\/saintsuliac.com\/index.php\/wp-json\/wp\/v2\/users\/1"}],"replies":[{"embeddable":true,"href":"https:\/\/saintsuliac.com\/index.php\/wp-json\/wp\/v2\/comments?post=1535"}],"version-history":[{"count":59,"href":"https:\/\/saintsuliac.com\/index.php\/wp-json\/wp\/v2\/pages\/1535\/revisions"}],"predecessor-version":[{"id":6381,"href":"https:\/\/saintsuliac.com\/index.php\/wp-json\/wp\/v2\/pages\/1535\/revisions\/6381"}],"wp:attachment":[{"href":"https:\/\/saintsuliac.com\/index.php\/wp-json\/wp\/v2\/media?parent=1535"}],"curies":[{"name":"wp","href":"https:\/\/api.w.org\/{rel}","templated":true}]}}